{"id":7,"date":"2017-03-21T18:33:48","date_gmt":"2017-03-21T17:33:48","guid":{"rendered":"http:\/\/zufluchtswohnungen.frauenzimmer-ev.de\/wohnen-bei-frauenzimmer-2\/?page_id=7"},"modified":"2017-04-27T12:25:23","modified_gmt":"2017-04-27T10:25:23","slug":"frau-j","status":"publish","type":"page","link":"http:\/\/zufluchtswohnungen.frauenzimmer-ev.de\/wohnen-bei-frauenzimmer-2\/frau-j\/","title":{"rendered":"Frau J."},"content":{"rendered":"<p><img loading=\"lazy\" decoding=\"async\" class=\"aligncenter wp-image-109\" src=\"http:\/\/zufluchtswohnungen.frauenzimmer-ev.de\/wohnen-bei-frauenzimmer-2\/wp-content\/uploads\/sites\/3\/2017\/03\/haus.jpg\" alt=\"\" width=\"600\" height=\"200\" srcset=\"http:\/\/zufluchtswohnungen.frauenzimmer-ev.de\/wohnen-bei-frauenzimmer-2\/wp-content\/uploads\/sites\/3\/2017\/03\/haus.jpg 900w, http:\/\/zufluchtswohnungen.frauenzimmer-ev.de\/wohnen-bei-frauenzimmer-2\/wp-content\/uploads\/sites\/3\/2017\/03\/haus-300x100.jpg 300w, http:\/\/zufluchtswohnungen.frauenzimmer-ev.de\/wohnen-bei-frauenzimmer-2\/wp-content\/uploads\/sites\/3\/2017\/03\/haus-768x256.jpg 768w\" sizes=\"(max-width: 600px) 100vw, 600px\" \/><\/p>\n<p>&nbsp;<\/p>\n<hr>\n<p style=\"text-align: center;\">Frau J. wohnt in einer Zufluchtswohnung in Sch\u00f6neberg.<\/p>\n<hr>\n<p>&nbsp;<\/p>\n<h2 style=\"text-align: left; padding-left: 60px;\">Auch Zuspruch macht Mut!&nbsp;<\/h2>\n<p style=\"text-align: left; padding-left: 60px;\">Frau J.&nbsp;leidet unter einer chronischen Form der Leuk\u00e4mie.<br \/>\nZeitweise hatte sie extrem hohe Leukozytenwerte, so dass sie sich Chemotherapien unterziehen musste.<br \/>\nDer Stress durch die Beziehung mit ihrem gewaltt\u00e4tigen Mann hat die Krankheit verschlimmert.<br \/>\n&nbsp;<br \/>\nZur Zeit ist ihre Krankheit recht stabil, aber ihr Immunsystem ist sehr schwach, und sie ist oft sehr m\u00fcde.<br \/>\nTrotzdem ist sie froh, dass sie eine Arbeit hat, auch wenn ihr das Arbeiten oft schwer f\u00e4llt.<br \/>\n&nbsp;<br \/>\nAber als B\u00fcrgerin eines anderen EU-Staates muss sie f\u00fcnf Jahre in Deutschland arbeiten, um dauerhaft Anrecht auf Sozialleistungen zu haben.<br \/>\nIhren Deutschkurs hat sie wegen der Chemotherapie nach vier Monaten abgebrochen.<br \/>\n&nbsp;<br \/>\nIhre Deutschkenntnisse reichen aber f\u00fcr die Arbeit und den Alltag aus.<br \/>\n&nbsp;<br \/>\nTrotzdem ist sie sehr froh, dass G. von Frauenzimmer e.V. ihr schwer verst\u00e4ndliche Schreiben, zum Beispiel aus dem Krankenhaus, in leicht verst\u00e4ndlichen, allt\u00e4glichen Worten erkl\u00e4ren kann und ihr beim Ausf\u00fcllen von Formularen behilflich ist.<br \/>\n&nbsp;<br \/>\nDurch ihre Krankheit und die Medikamente, die sie nehmen muss, kann sie sich oft schlecht konzentrieren.<br \/>\n&nbsp;<br \/>\nSie ist froh, dass sie jetzt bei Frauenzimmer e.V. Unterst\u00fctzung und ein ruhiges Zimmer hat,<br \/>\ndamit sie wie sie sagt, &#8222;<em>ihre Batterien wieder aufladen kann&#8220;<\/em>.<\/p>\n<p style=\"text-align: left; padding-left: 60px;\">&nbsp;<br \/>\nEs hilft ihr auch sehr zu sehen, dass andere Leute in ihrer Wohnung auch Probleme haben, vielleicht sogar gr\u00f6\u00dfere als sie, und trotzdem lachen, singen und tanzen sie. Das spornt sie an. Sie sieht die anderen Leute und denkt &#8222;Schau sie an! Wenn sie das kann, warum soll ich das nicht auch k\u00f6nnen!&#8220;<br \/>\n&nbsp;<br \/>\nAuch Zuspruch macht Mut! Zu oft hat sie zu h\u00f6ren bekommen sie sei dumm und nichts Wert,<br \/>\n<em>&#8222;wie eine Null, ein Hund, a<\/em><em>ber G. sieht mich als Person, als normale Frau, als Mensch.<br \/>\nSie sagt zu mir, wenn die anderen Idioten sind, verr\u00fcckt sind, dann ist das nicht Deine Schuld&#8220;<\/em>.<br \/>\n&nbsp;<br \/>\nFrau J. ist eigentlich eine sehr lustige, kommunikative Frau, die sehr gern lacht.<br \/>\nAuch deshalb ist sie froh, \u00fcber die Arbeit Kontakt zu anderen Menschen zu haben, das gibt ihr viel Energie.<br \/>\nWenn sie sieht, dass andere Menschen gro\u00dfe Probleme bew\u00e4ltigen, macht ihr das Mut f\u00fcr ihr eigenes Leben.<br \/>\n&nbsp;<br \/>\nZum Beispiel daf\u00fcr, bald den Schritt in eine eigene Wohnung zu wagen.<br \/>\n&nbsp;<br \/>\nMaterielle Dinge, sagt Frau J., sind ihr nicht wichtig. Liebe ist wichtig und auch, dass es sauber und geputzt ist zu Hause.<br \/>\nIn der Zufluchtswohnung ger\u00e4t sie manchmal mit ihren Mitbewohnerinnen \u00fcber das Thema Sauberkeit in Streit.<\/p>\n<p style=\"text-align: left; padding-left: 60px;\">&nbsp;<\/p>\n<hr>\n<p style=\"text-align: left; padding-left: 60px;\"><img loading=\"lazy\" decoding=\"async\" class=\"alignnone wp-image-206\" src=\"http:\/\/zufluchtswohnungen.frauenzimmer-ev.de\/wohnen-bei-frauenzimmer-2\/wp-content\/uploads\/sites\/3\/2017\/03\/materielles_nicht_wichtig.jpg\" alt=\"\" width=\"180\" height=\"240\" srcset=\"http:\/\/zufluchtswohnungen.frauenzimmer-ev.de\/wohnen-bei-frauenzimmer-2\/wp-content\/uploads\/sites\/3\/2017\/03\/materielles_nicht_wichtig.jpg 425w, http:\/\/zufluchtswohnungen.frauenzimmer-ev.de\/wohnen-bei-frauenzimmer-2\/wp-content\/uploads\/sites\/3\/2017\/03\/materielles_nicht_wichtig-225x300.jpg 225w\" sizes=\"(max-width: 180px) 100vw, 180px\" \/>&nbsp;&nbsp;<img loading=\"lazy\" decoding=\"async\" class=\"alignnone wp-image-179\" src=\"http:\/\/zufluchtswohnungen.frauenzimmer-ev.de\/wohnen-bei-frauenzimmer-2\/wp-content\/uploads\/sites\/3\/2017\/03\/guter_mensch.jpg\" alt=\"\" width=\"180\" height=\"240\" srcset=\"http:\/\/zufluchtswohnungen.frauenzimmer-ev.de\/wohnen-bei-frauenzimmer-2\/wp-content\/uploads\/sites\/3\/2017\/03\/guter_mensch.jpg 450w, http:\/\/zufluchtswohnungen.frauenzimmer-ev.de\/wohnen-bei-frauenzimmer-2\/wp-content\/uploads\/sites\/3\/2017\/03\/guter_mensch-225x300.jpg 225w\" sizes=\"(max-width: 180px) 100vw, 180px\" \/>&nbsp;&nbsp;<img loading=\"lazy\" decoding=\"async\" class=\"alignnone wp-image-181\" src=\"http:\/\/zufluchtswohnungen.frauenzimmer-ev.de\/wohnen-bei-frauenzimmer-2\/wp-content\/uploads\/sites\/3\/2017\/03\/lustig.jpg\" alt=\"\" width=\"180\" height=\"240\" srcset=\"http:\/\/zufluchtswohnungen.frauenzimmer-ev.de\/wohnen-bei-frauenzimmer-2\/wp-content\/uploads\/sites\/3\/2017\/03\/lustig.jpg 450w, http:\/\/zufluchtswohnungen.frauenzimmer-ev.de\/wohnen-bei-frauenzimmer-2\/wp-content\/uploads\/sites\/3\/2017\/03\/lustig-225x300.jpg 225w\" sizes=\"(max-width: 180px) 100vw, 180px\" \/><\/p>\n<hr>\n<p style=\"text-align: left; padding-left: 60px;\">&nbsp;<\/p>\n<p style=\"text-align: left; padding-left: 60px;\">Manchmal so sagt sie, f\u00fchlt sie sich wie eine Mutter, die andauernd ihre Kinder ermahnen muss;<br \/>\n<em>&#8222;Wie eine Ente, Quak Quak Quak, oder wie ein Papagei&#8220;<\/em> erz\u00e4hlt sie lachend.<br \/>\nMehr Lebenserfahrung als ihre mehr als 20 Jahre j\u00fcngeren Mitbewohnerinnen hat sie auf jeden Fall.<\/p>\n<p style=\"text-align: left; padding-left: 60px;\">&nbsp;<\/p>\n<hr>\n<p style=\"text-align: left; padding-left: 60px;\"><img loading=\"lazy\" decoding=\"async\" class=\"alignnone wp-image-189\" src=\"http:\/\/zufluchtswohnungen.frauenzimmer-ev.de\/wohnen-bei-frauenzimmer-2\/wp-content\/uploads\/sites\/3\/2017\/03\/bett-300x225.jpg\" alt=\"\" width=\"320\" height=\"240\" srcset=\"http:\/\/zufluchtswohnungen.frauenzimmer-ev.de\/wohnen-bei-frauenzimmer-2\/wp-content\/uploads\/sites\/3\/2017\/03\/bett-300x225.jpg 300w, http:\/\/zufluchtswohnungen.frauenzimmer-ev.de\/wohnen-bei-frauenzimmer-2\/wp-content\/uploads\/sites\/3\/2017\/03\/bett.jpg 600w\" sizes=\"(max-width: 320px) 100vw, 320px\" \/>&nbsp;&nbsp;<img loading=\"lazy\" decoding=\"async\" class=\"alignnone wp-image-198\" src=\"http:\/\/zufluchtswohnungen.frauenzimmer-ev.de\/wohnen-bei-frauenzimmer-2\/wp-content\/uploads\/sites\/3\/2017\/03\/bett_traum-1-225x300.jpg\" alt=\"\" width=\"180\" height=\"240\" srcset=\"http:\/\/zufluchtswohnungen.frauenzimmer-ev.de\/wohnen-bei-frauenzimmer-2\/wp-content\/uploads\/sites\/3\/2017\/03\/bett_traum-1-225x300.jpg 225w, http:\/\/zufluchtswohnungen.frauenzimmer-ev.de\/wohnen-bei-frauenzimmer-2\/wp-content\/uploads\/sites\/3\/2017\/03\/bett_traum-1.jpg 450w\" sizes=\"(max-width: 180px) 100vw, 180px\" \/>&nbsp;&nbsp;<img loading=\"lazy\" decoding=\"async\" class=\"alignnone wp-image-190\" src=\"http:\/\/zufluchtswohnungen.frauenzimmer-ev.de\/wohnen-bei-frauenzimmer-2\/wp-content\/uploads\/sites\/3\/2017\/03\/blumen-225x300.jpg\" alt=\"\" width=\"180\" height=\"240\" srcset=\"http:\/\/zufluchtswohnungen.frauenzimmer-ev.de\/wohnen-bei-frauenzimmer-2\/wp-content\/uploads\/sites\/3\/2017\/03\/blumen-225x300.jpg 225w, http:\/\/zufluchtswohnungen.frauenzimmer-ev.de\/wohnen-bei-frauenzimmer-2\/wp-content\/uploads\/sites\/3\/2017\/03\/blumen-768x1024.jpg 768w, http:\/\/zufluchtswohnungen.frauenzimmer-ev.de\/wohnen-bei-frauenzimmer-2\/wp-content\/uploads\/sites\/3\/2017\/03\/blumen.jpg 1920w\" sizes=\"(max-width: 180px) 100vw, 180px\" \/><\/p>\n<hr>\n<p style=\"text-align: left; padding-left: 60px;\">&nbsp;<\/p>\n<p style=\"text-align: left; padding-left: 60px;\">Mit wenig Geld hat sie ihr Frauenzimmer gem\u00fctlich gemacht, als sei es ihre eigene Wohnung.<br \/>\nAuf ihren Spazierg\u00e4ngen durch Berlin hat sie g\u00fcnstig ein Tischchen, eine Kommode, bunte Bettw\u00e4sche, ein paar Vorh\u00e4nge und Bilder gekauft.<br \/>\nManche Bilder hat sie auch selbst gemalt. In ihrer Seele sagt sie, ist sie manchmal noch ein Kind, das gerne malt.<br \/>\n&nbsp;<\/p>\n<hr>\n<p style=\"text-align: left; padding-left: 60px;\"><img loading=\"lazy\" decoding=\"async\" class=\"alignnone wp-image-182\" src=\"http:\/\/zufluchtswohnungen.frauenzimmer-ev.de\/wohnen-bei-frauenzimmer-2\/wp-content\/uploads\/sites\/3\/2017\/03\/schminken.jpg\" alt=\"\" width=\"180\" height=\"240\" srcset=\"http:\/\/zufluchtswohnungen.frauenzimmer-ev.de\/wohnen-bei-frauenzimmer-2\/wp-content\/uploads\/sites\/3\/2017\/03\/schminken.jpg 450w, http:\/\/zufluchtswohnungen.frauenzimmer-ev.de\/wohnen-bei-frauenzimmer-2\/wp-content\/uploads\/sites\/3\/2017\/03\/schminken-225x300.jpg 225w\" sizes=\"(max-width: 180px) 100vw, 180px\" \/>&nbsp;&nbsp;<img loading=\"lazy\" decoding=\"async\" class=\"alignnone wp-image-203\" src=\"http:\/\/zufluchtswohnungen.frauenzimmer-ev.de\/wohnen-bei-frauenzimmer-2\/wp-content\/uploads\/sites\/3\/2017\/03\/Kommode.jpg\" alt=\"\" width=\"180\" height=\"240\" srcset=\"http:\/\/zufluchtswohnungen.frauenzimmer-ev.de\/wohnen-bei-frauenzimmer-2\/wp-content\/uploads\/sites\/3\/2017\/03\/Kommode.jpg 425w, http:\/\/zufluchtswohnungen.frauenzimmer-ev.de\/wohnen-bei-frauenzimmer-2\/wp-content\/uploads\/sites\/3\/2017\/03\/Kommode-225x300.jpg 225w\" sizes=\"(max-width: 180px) 100vw, 180px\" \/>&nbsp;&nbsp;<img loading=\"lazy\" decoding=\"async\" class=\"alignnone wp-image-204 size-full\" src=\"http:\/\/zufluchtswohnungen.frauenzimmer-ev.de\/wohnen-bei-frauenzimmer-2\/wp-content\/uploads\/sites\/3\/2017\/03\/malen.jpeg\" alt=\"\" width=\"320\" height=\"240\" srcset=\"http:\/\/zufluchtswohnungen.frauenzimmer-ev.de\/wohnen-bei-frauenzimmer-2\/wp-content\/uploads\/sites\/3\/2017\/03\/malen.jpeg 320w, http:\/\/zufluchtswohnungen.frauenzimmer-ev.de\/wohnen-bei-frauenzimmer-2\/wp-content\/uploads\/sites\/3\/2017\/03\/malen-300x225.jpeg 300w\" sizes=\"(max-width: 320px) 100vw, 320px\" \/><\/p>\n<hr>\n<p style=\"text-align: left; padding-left: 60px;\">&nbsp;<\/p>\n<p style=\"text-align: left; padding-left: 60px;\">Trotz aller Gewalt und Bosheit, die sie erlebt hat, w\u00fcnscht sie sich eine Welt,<br \/>\nin der die Leute freundlich zueinander sind, miteinander teilen, und einander helfen.<\/p>\n<blockquote>\n<p style=\"text-align: left; padding-left: 60px;\"><em>&#8222;Ich bin geboren, um anderen Menschen zu helfen. <\/em><br \/>\n<em>Und ich w\u00fcnsche mir jeden Tag in meinem Leben, dass ich anderen Leuten so helfen kann, wie mir geholfen wurde.<\/em><br \/>\n<em> Ich hoffe, dass ich das vielleicht eines Tages alles zur\u00fcck geben kann.&#8220;<\/em><\/p>\n<\/blockquote>\n<p style=\"text-align: left; padding-left: 60px;\">&nbsp;<\/p>\n<p style=\"padding-left: 60px; text-align: center;\">&nbsp;<\/p>\n<hr>\n<h3 style=\"padding-left: 60px; text-align: left;\">&nbsp;<\/h3>\n<h3 style=\"padding-left: 60px; text-align: left;\">Frau J. schreibt selbst:<\/h3>\n<p style=\"padding-left: 60px; text-align: left;\">Als ich das erste Mal in die Wohnung kam, war ich zufrieden, ich fand es gut. Ich wohne gerne in Sch\u00f6neberg, der Stadtteil gef\u00e4llt mir am besten von Berlin. Ich w\u00fcrde auch gerne in Sch\u00f6neberg sp\u00e4ter wohnen bleiben. Es gibt auch viele Deutsche, nicht so viele Ausl\u00e4nder, auch nicht so viele Menschen aus meinem Land, das gef\u00e4llt mir. Auch viele verschiedene Gesch\u00e4fte, es gibt auch mehrere deutsche Superm\u00e4rkte, ich kann alles kaufen was ich m\u00f6chte. Es gibt alles in der N\u00e4he. Das gef\u00e4llt mir. Ich finde auch das Essen, was ich von zuhause kenne, wie Schweinefleisch. Die deutsche Kultur ist da gleich wie in Kroatien.<\/p>\n<p style=\"padding-left: 60px; text-align: left;\">&nbsp;<\/p>\n<hr>\n<p style=\"padding-left: 60px; text-align: left;\"><img loading=\"lazy\" decoding=\"async\" class=\"alignnone wp-image-194\" src=\"http:\/\/zufluchtswohnungen.frauenzimmer-ev.de\/wohnen-bei-frauenzimmer-2\/wp-content\/uploads\/sites\/3\/2017\/03\/schweinefleisch.jpg\" alt=\"\" width=\"180\" height=\"240\" srcset=\"http:\/\/zufluchtswohnungen.frauenzimmer-ev.de\/wohnen-bei-frauenzimmer-2\/wp-content\/uploads\/sites\/3\/2017\/03\/schweinefleisch.jpg 450w, http:\/\/zufluchtswohnungen.frauenzimmer-ev.de\/wohnen-bei-frauenzimmer-2\/wp-content\/uploads\/sites\/3\/2017\/03\/schweinefleisch-225x300.jpg 225w\" sizes=\"(max-width: 180px) 100vw, 180px\" \/>&nbsp;&nbsp;<img loading=\"lazy\" decoding=\"async\" class=\"alignnone wp-image-180\" src=\"http:\/\/zufluchtswohnungen.frauenzimmer-ev.de\/wohnen-bei-frauenzimmer-2\/wp-content\/uploads\/sites\/3\/2017\/03\/kueche_3.jpg\" alt=\"\" width=\"320\" height=\"240\" srcset=\"http:\/\/zufluchtswohnungen.frauenzimmer-ev.de\/wohnen-bei-frauenzimmer-2\/wp-content\/uploads\/sites\/3\/2017\/03\/kueche_3.jpg 600w, http:\/\/zufluchtswohnungen.frauenzimmer-ev.de\/wohnen-bei-frauenzimmer-2\/wp-content\/uploads\/sites\/3\/2017\/03\/kueche_3-300x225.jpg 300w\" sizes=\"(max-width: 320px) 100vw, 320px\" \/><\/p>\n<hr>\n<p style=\"padding-left: 60px; text-align: left;\">&nbsp;<\/p>\n<p style=\"padding-left: 60px; text-align: left;\">Es gef\u00e4llt mir, dass das Zimmer und die Wohnung sauber waren, als ich gekommen bin, die Einrichtung nicht so alt und dass nicht so viele Frauen in der Wohnung leben. Ich versuche, dass auch weiter alles sauber ist. Es war das N\u00f6tigste da, aber nichts Privates, wie Bilder an den W\u00e4nden oder Blumen oder \u00c4hnliches. Ich bin eine lustige Frau und wollte lustige Dinge in die Wohnung und mein Zimmer bringen. Ich habe selbst Bilder gezeichnet, wie das in der K\u00fcche. Oder das Bild vom Eiffelturm im Flur. Ich habe Sitzkissen gekauft f\u00fcr die K\u00fcche und mein Zimmer. Die Fenster in der K\u00fcche waren leer. In der K\u00fcche habe ich wei\u00dfe und gr\u00fcne Vorh\u00e4nge befestigt, einmal wegen der Sonne und damit die Fenster nicht so verschmutzen.<\/p>\n<p style=\"padding-left: 60px; text-align: left;\">&nbsp;<\/p>\n<hr>\n<p style=\"padding-left: 60px; text-align: left;\"><img loading=\"lazy\" decoding=\"async\" class=\"alignnone wp-image-196\" src=\"http:\/\/zufluchtswohnungen.frauenzimmer-ev.de\/wohnen-bei-frauenzimmer-2\/wp-content\/uploads\/sites\/3\/2017\/03\/selbstgemalt.jpg\" alt=\"\" width=\"328\" height=\"240\" srcset=\"http:\/\/zufluchtswohnungen.frauenzimmer-ev.de\/wohnen-bei-frauenzimmer-2\/wp-content\/uploads\/sites\/3\/2017\/03\/selbstgemalt.jpg 600w, http:\/\/zufluchtswohnungen.frauenzimmer-ev.de\/wohnen-bei-frauenzimmer-2\/wp-content\/uploads\/sites\/3\/2017\/03\/selbstgemalt-300x220.jpg 300w\" sizes=\"(max-width: 328px) 100vw, 328px\" \/>&nbsp;&nbsp;<img loading=\"lazy\" decoding=\"async\" class=\"alignnone wp-image-183\" src=\"http:\/\/zufluchtswohnungen.frauenzimmer-ev.de\/wohnen-bei-frauenzimmer-2\/wp-content\/uploads\/sites\/3\/2017\/03\/selbstgemalt_2.jpg\" alt=\"\" width=\"180\" height=\"240\" srcset=\"http:\/\/zufluchtswohnungen.frauenzimmer-ev.de\/wohnen-bei-frauenzimmer-2\/wp-content\/uploads\/sites\/3\/2017\/03\/selbstgemalt_2.jpg 450w, http:\/\/zufluchtswohnungen.frauenzimmer-ev.de\/wohnen-bei-frauenzimmer-2\/wp-content\/uploads\/sites\/3\/2017\/03\/selbstgemalt_2-225x300.jpg 225w\" sizes=\"(max-width: 180px) 100vw, 180px\" \/>&nbsp;&nbsp;<img loading=\"lazy\" decoding=\"async\" class=\"wp-image-195 alignnone\" src=\"http:\/\/zufluchtswohnungen.frauenzimmer-ev.de\/wohnen-bei-frauenzimmer-2\/wp-content\/uploads\/sites\/3\/2017\/03\/vorhang2.jpg\" alt=\"\" width=\"180\" height=\"240\" srcset=\"http:\/\/zufluchtswohnungen.frauenzimmer-ev.de\/wohnen-bei-frauenzimmer-2\/wp-content\/uploads\/sites\/3\/2017\/03\/vorhang2.jpg 450w, http:\/\/zufluchtswohnungen.frauenzimmer-ev.de\/wohnen-bei-frauenzimmer-2\/wp-content\/uploads\/sites\/3\/2017\/03\/vorhang2-225x300.jpg 225w\" sizes=\"(max-width: 180px) 100vw, 180px\" \/>&nbsp;&nbsp;<img loading=\"lazy\" decoding=\"async\" class=\"alignnone wp-image-177\" src=\"http:\/\/zufluchtswohnungen.frauenzimmer-ev.de\/wohnen-bei-frauenzimmer-2\/wp-content\/uploads\/sites\/3\/2017\/03\/bilderwand.jpg\" alt=\"\" width=\"180\" height=\"240\" srcset=\"http:\/\/zufluchtswohnungen.frauenzimmer-ev.de\/wohnen-bei-frauenzimmer-2\/wp-content\/uploads\/sites\/3\/2017\/03\/bilderwand.jpg 450w, http:\/\/zufluchtswohnungen.frauenzimmer-ev.de\/wohnen-bei-frauenzimmer-2\/wp-content\/uploads\/sites\/3\/2017\/03\/bilderwand-225x300.jpg 225w\" sizes=\"(max-width: 180px) 100vw, 180px\" \/>&nbsp;&nbsp;<\/p>\n<hr>\n<p style=\"padding-left: 60px; text-align: left;\">&nbsp;<\/p>\n<p style=\"padding-left: 60px; text-align: left;\">In dem Badezimmer war alles gut, da musste ich nichts ver\u00e4ndern. In meinem Zimmer habe ich einige Bilder gekauft und aufgeh\u00e4ngt, mir neue farbige Bettw\u00e4sche gekauft, die Sitzkissen, neue Vorh\u00e4nge gekauft und aufgeh\u00e4ngt. Ich habe mir einen kleinen pinken Tisch als Betttisch f\u00fcr meine Sachen gekauft, darauf stehen ein Wecker, meine Medikamente, Wasser, Schreibblock, Wenn ich etwas aufschreibe, wie Arzttermine oder Erledigungen, h\u00e4nge ich es an meine Pinnwand auf.<\/p>\n<p style=\"padding-left: 60px; text-align: left;\"><img loading=\"lazy\" decoding=\"async\" class=\"wp-image-205 alignnone\" src=\"http:\/\/zufluchtswohnungen.frauenzimmer-ev.de\/wohnen-bei-frauenzimmer-2\/wp-content\/uploads\/sites\/3\/2017\/03\/tischchen.jpg\" alt=\"\" width=\"180\" height=\"240\" srcset=\"http:\/\/zufluchtswohnungen.frauenzimmer-ev.de\/wohnen-bei-frauenzimmer-2\/wp-content\/uploads\/sites\/3\/2017\/03\/tischchen.jpg 425w, http:\/\/zufluchtswohnungen.frauenzimmer-ev.de\/wohnen-bei-frauenzimmer-2\/wp-content\/uploads\/sites\/3\/2017\/03\/tischchen-225x300.jpg 225w\" sizes=\"(max-width: 180px) 100vw, 180px\" \/>&nbsp;&nbsp;<img loading=\"lazy\" decoding=\"async\" class=\"alignnone wp-image-207\" src=\"http:\/\/zufluchtswohnungen.frauenzimmer-ev.de\/wohnen-bei-frauenzimmer-2\/wp-content\/uploads\/sites\/3\/2017\/03\/zimmer_gemuetlich.jpg\" alt=\"\" width=\"180\" height=\"240\" srcset=\"http:\/\/zufluchtswohnungen.frauenzimmer-ev.de\/wohnen-bei-frauenzimmer-2\/wp-content\/uploads\/sites\/3\/2017\/03\/zimmer_gemuetlich.jpg 425w, http:\/\/zufluchtswohnungen.frauenzimmer-ev.de\/wohnen-bei-frauenzimmer-2\/wp-content\/uploads\/sites\/3\/2017\/03\/zimmer_gemuetlich-225x300.jpg 225w\" sizes=\"(max-width: 180px) 100vw, 180px\" \/>&nbsp;&nbsp;<img loading=\"lazy\" decoding=\"async\" class=\"alignnone wp-image-197\" src=\"http:\/\/zufluchtswohnungen.frauenzimmer-ev.de\/wohnen-bei-frauenzimmer-2\/wp-content\/uploads\/sites\/3\/2017\/03\/pinnwand.jpg\" alt=\"\" width=\"180\" height=\"240\" srcset=\"http:\/\/zufluchtswohnungen.frauenzimmer-ev.de\/wohnen-bei-frauenzimmer-2\/wp-content\/uploads\/sites\/3\/2017\/03\/pinnwand.jpg 450w, http:\/\/zufluchtswohnungen.frauenzimmer-ev.de\/wohnen-bei-frauenzimmer-2\/wp-content\/uploads\/sites\/3\/2017\/03\/pinnwand-225x300.jpg 225w\" sizes=\"(max-width: 180px) 100vw, 180px\" \/><\/p>\n<p style=\"padding-left: 60px; text-align: left;\">Ich habe Leuk\u00e4mie, eine Folge der Krankheit ist, dass ich Dinge vergesse. Wenn ich mir keine Notizen machen, vergesse ich Termine oder Anderes. Daher ist es wichtig, dass ich alles Wichtige aufschreibe und es in meiner N\u00e4he h\u00e4ngt, damit ich es sehe und nicht vergesse. Ich freue mich \u00fcber mein Zimmer, weil viel Sonnenlicht hereinkommt.<\/p>\n<p style=\"padding-left: 60px; text-align: left;\">Im Sommer ist es nicht zu warm, im Winter nicht zu kalt. In der K\u00fcche gibt es auch sehr viel Licht. Im oberen Stock haben die Zimmer weniger Licht und sind kleiner. Da oben nicht so viel Licht ist, sind die Frauen, die oben wohnen, eher froh, wenn in die K\u00fcche viel Sonnenlicht kommt. Mich st\u00f6rt es, wenn soviel Licht in meine Augen kommt und ich nichts sehe, wenn ich kochen will. Eine Frau lernt immer in der K\u00fcche. Ich vermute, dass die Frauen, die oben wohnen, viel rausgehen, um mehr Licht zu bekommen. Oben haben die Frauen weniger Platz in den Zimmern.<br \/>\nIch selbst liebe diese Wohnung, weil sie ruhig ist. Ich liebe den Balkon, weil ich im Sommer die W\u00e4sche drau\u00dfen trocknen und ich drau\u00dfen sitzen und Kaffee trinken kann. Dort ist auch Platz f\u00fcr Schuhe.<\/p>\n<p style=\"padding-left: 60px; text-align: left;\">&nbsp;<\/p>\n<hr>\n<p style=\"padding-left: 60px; text-align: left;\"><img loading=\"lazy\" decoding=\"async\" class=\"alignnone wp-image-191\" src=\"http:\/\/zufluchtswohnungen.frauenzimmer-ev.de\/wohnen-bei-frauenzimmer-2\/wp-content\/uploads\/sites\/3\/2017\/03\/kueche_2.jpg\" alt=\"\" width=\"320\" height=\"240\" srcset=\"http:\/\/zufluchtswohnungen.frauenzimmer-ev.de\/wohnen-bei-frauenzimmer-2\/wp-content\/uploads\/sites\/3\/2017\/03\/kueche_2.jpg 600w, http:\/\/zufluchtswohnungen.frauenzimmer-ev.de\/wohnen-bei-frauenzimmer-2\/wp-content\/uploads\/sites\/3\/2017\/03\/kueche_2-300x225.jpg 300w\" sizes=\"(max-width: 320px) 100vw, 320px\" \/>&nbsp;&nbsp;<img loading=\"lazy\" decoding=\"async\" class=\"wp-image-188 alignnone\" src=\"http:\/\/zufluchtswohnungen.frauenzimmer-ev.de\/wohnen-bei-frauenzimmer-2\/wp-content\/uploads\/sites\/3\/2017\/03\/balkon-1.jpg\" alt=\"\" width=\"180\" height=\"240\" srcset=\"http:\/\/zufluchtswohnungen.frauenzimmer-ev.de\/wohnen-bei-frauenzimmer-2\/wp-content\/uploads\/sites\/3\/2017\/03\/balkon-1.jpg 450w, http:\/\/zufluchtswohnungen.frauenzimmer-ev.de\/wohnen-bei-frauenzimmer-2\/wp-content\/uploads\/sites\/3\/2017\/03\/balkon-1-225x300.jpg 225w\" sizes=\"(max-width: 180px) 100vw, 180px\" \/>&nbsp;&nbsp;<\/p>\n<hr>\n<p style=\"padding-left: 60px; text-align: left;\">&nbsp;<\/p>\n<p style=\"padding-left: 60px; text-align: left;\">Manchmal brauchen wir zur gleichen Zeit das Badezimmer. Manchmal werden wir dann nerv\u00f6s und fragen, weil wir uns fertig machen m\u00fcssen, wie lange brauchst du noch, zwei oder drei Minuten oder l\u00e4nger, und je nachdem kann die andere Frau dann fertig sein, manchmal muss ich mich auch in meinem Zimmer schminken oder k\u00e4mmen.<\/p>\n<p style=\"padding-left: 60px; text-align: left;\">&nbsp;<\/p>\n<hr>\n<p style=\"padding-left: 60px; text-align: left;\"><img loading=\"lazy\" decoding=\"async\" class=\"alignnone wp-image-187\" src=\"http:\/\/zufluchtswohnungen.frauenzimmer-ev.de\/wohnen-bei-frauenzimmer-2\/wp-content\/uploads\/sites\/3\/2017\/03\/bad2-1.jpg\" alt=\"\" width=\"328\" height=\"240\" srcset=\"http:\/\/zufluchtswohnungen.frauenzimmer-ev.de\/wohnen-bei-frauenzimmer-2\/wp-content\/uploads\/sites\/3\/2017\/03\/bad2-1.jpg 600w, http:\/\/zufluchtswohnungen.frauenzimmer-ev.de\/wohnen-bei-frauenzimmer-2\/wp-content\/uploads\/sites\/3\/2017\/03\/bad2-1-300x220.jpg 300w\" sizes=\"(max-width: 328px) 100vw, 328px\" \/>&nbsp;&nbsp;<img loading=\"lazy\" decoding=\"async\" class=\"alignnone wp-image-185\" src=\"http:\/\/zufluchtswohnungen.frauenzimmer-ev.de\/wohnen-bei-frauenzimmer-2\/wp-content\/uploads\/sites\/3\/2017\/03\/bad.jpg\" alt=\"\" width=\"180\" height=\"240\" srcset=\"http:\/\/zufluchtswohnungen.frauenzimmer-ev.de\/wohnen-bei-frauenzimmer-2\/wp-content\/uploads\/sites\/3\/2017\/03\/bad.jpg 450w, http:\/\/zufluchtswohnungen.frauenzimmer-ev.de\/wohnen-bei-frauenzimmer-2\/wp-content\/uploads\/sites\/3\/2017\/03\/bad-225x300.jpg 225w\" sizes=\"(max-width: 180px) 100vw, 180px\" \/><\/p>\n<hr>\n<p style=\"padding-left: 60px; text-align: left;\">&nbsp;<\/p>\n<p style=\"padding-left: 60px; text-align: left;\">Die Leute im Haus sind sehr nett und freundlich, begr\u00fc\u00dfen uns, fragen uns nichts Besonderes, wissen nicht, das es eine Zufluchtswohnung ist, wir nehmen auch mal Post f\u00fcr andere Nachbarn an. Es gibt viele Familien, verschiedene Nationalit\u00e4ten. Aber wir treffen unsere Nachbarn nicht so oft, das finde ich gut. Ich m\u00f6chte in Zukunft eine gleiche Wohnung haben wie diese.<\/p>\n<p style=\"padding-left: 60px; text-align: left;\">Eine kleine K\u00fcche, einen Tisch, und ein Zimmer in dem ich schlafe, ein Badezimmer mit Badewanne gerne, um meine Haare zu f\u00e4rben.<\/p>\n","protected":false},"excerpt":{"rendered":"<p>&nbsp; Frau J. wohnt in einer Zufluchtswohnung in Sch\u00f6neberg. &nbsp; Auch Zuspruch macht Mut!&nbsp; Frau J.&nbsp;leidet unter einer chronischen Form der Leuk\u00e4mie. Zeitweise hatte sie extrem hohe Leukozytenwerte, so dass sie sich Chemotherapien unterziehen musste. Der Stress durch die Beziehung mit ihrem gewaltt\u00e4tigen Mann hat die Krankheit verschlimmert. &nbsp; Zur Zeit ist ihre Krankheit recht [&hellip;]<\/p>\n","protected":false},"author":1,"featured_media":0,"parent":0,"menu_order":1,"comment_status":"closed","ping_status":"closed","template":"template-about.php","meta":{"_acf_changed":false,"inline_featured_image":false,"ngg_post_thumbnail":0,"footnotes":""},"acf":[],"_links":{"self":[{"href":"http:\/\/zufluchtswohnungen.frauenzimmer-ev.de\/wohnen-bei-frauenzimmer-2\/wp-json\/wp\/v2\/pages\/7"}],"collection":[{"href":"http:\/\/zufluchtswohnungen.frauenzimmer-ev.de\/wohnen-bei-frauenzimmer-2\/wp-json\/wp\/v2\/pages"}],"about":[{"href":"http:\/\/zufluchtswohnungen.frauenzimmer-ev.de\/wohnen-bei-frauenzimmer-2\/wp-json\/wp\/v2\/types\/page"}],"author":[{"embeddable":true,"href":"http:\/\/zufluchtswohnungen.frauenzimmer-ev.de\/wohnen-bei-frauenzimmer-2\/wp-json\/wp\/v2\/users\/1"}],"replies":[{"embeddable":true,"href":"http:\/\/zufluchtswohnungen.frauenzimmer-ev.de\/wohnen-bei-frauenzimmer-2\/wp-json\/wp\/v2\/comments?post=7"}],"version-history":[{"count":27,"href":"http:\/\/zufluchtswohnungen.frauenzimmer-ev.de\/wohnen-bei-frauenzimmer-2\/wp-json\/wp\/v2\/pages\/7\/revisions"}],"predecessor-version":[{"id":227,"href":"http:\/\/zufluchtswohnungen.frauenzimmer-ev.de\/wohnen-bei-frauenzimmer-2\/wp-json\/wp\/v2\/pages\/7\/revisions\/227"}],"wp:attachment":[{"href":"http:\/\/zufluchtswohnungen.frauenzimmer-ev.de\/wohnen-bei-frauenzimmer-2\/wp-json\/wp\/v2\/media?parent=7"}],"curies":[{"name":"wp","href":"https:\/\/api.w.org\/{rel}","templated":true}]}}