{"id":13,"date":"2017-03-21T17:18:39","date_gmt":"2017-03-21T16:18:39","guid":{"rendered":"http:\/\/zufluchtswohnungen.frauenzimmer-ev.de\/wohnen-bei-frauenzimmer-1\/?page_id=13"},"modified":"2017-04-27T12:24:09","modified_gmt":"2017-04-27T10:24:09","slug":"frau-d","status":"publish","type":"page","link":"http:\/\/zufluchtswohnungen.frauenzimmer-ev.de\/wohnen-bei-frauenzimmer-1\/frau-d\/","title":{"rendered":"Frau D."},"content":{"rendered":"<p><img loading=\"lazy\" decoding=\"async\" class=\"aligncenter wp-image-110\" src=\"http:\/\/zufluchtswohnungen.frauenzimmer-ev.de\/wohnen-bei-frauenzimmer-1\/wp-content\/uploads\/sites\/2\/2017\/03\/t\u00fcr.jpg\" alt=\"\" width=\"600\" height=\"200\" srcset=\"http:\/\/zufluchtswohnungen.frauenzimmer-ev.de\/wohnen-bei-frauenzimmer-1\/wp-content\/uploads\/sites\/2\/2017\/03\/t\u00fcr.jpg 900w, http:\/\/zufluchtswohnungen.frauenzimmer-ev.de\/wohnen-bei-frauenzimmer-1\/wp-content\/uploads\/sites\/2\/2017\/03\/t\u00fcr-300x100.jpg 300w, http:\/\/zufluchtswohnungen.frauenzimmer-ev.de\/wohnen-bei-frauenzimmer-1\/wp-content\/uploads\/sites\/2\/2017\/03\/t\u00fcr-768x256.jpg 768w\" sizes=\"(max-width: 600px) 100vw, 600px\" \/><\/p>\n<p>&nbsp;<\/p>\n<hr>\n<p style=\"text-align: center;\"><span style=\"color: #ba0000;\">Frau D. ist Mitte 30. <\/span><br \/>\nSie stammt aus Afrika.<\/p>\n<hr>\n<p>&nbsp;<\/p>\n<p style=\"padding-left: 60px; text-align: left;\">Ihr sp\u00e4terer deutscher Mann verbrachte seine Ferien in ihrem Heimatland, so lernten sie sich kennen.<\/p>\n<p style=\"padding-left: 60px; text-align: left;\">Sie verliebten sich und f\u00fchrten eine lange Fernbeziehung.<br \/>\nIm Sommer verbrachten sie mehrmals zwei Monate gemeinsam in Afrika.<br \/>\nSchlie\u00dflich beschlossen sie zu heiraten, und Frau D. zog nach Deutschland.<\/p>\n<p style=\"padding-left: 60px; text-align: left;\">Alles lief wie geplant, bis Frau D. in Deutschland ankam.<\/p>\n<p style=\"padding-left: 60px; text-align: left;\">Sie erkannte ihren Mann nicht wieder. Es war, als h\u00e4tte er sich in einen anderen verwandelt.<br \/>\nEr brach alle Versprechungen, verhinderte, dass Frau D. ein Studium aufnehmen oder sich Arbeit suchen konnte.<\/p>\n<p style=\"padding-left: 60px; text-align: left;\">Nach drei Jahren hielt sie es nicht mehr aus, sie beschloss sich von ihm zu trennen.<\/p>\n<p style=\"padding-left: 60px; text-align: left;\">Keine einfache Entscheidung, aber Dank der Unterst\u00fctzung von Frauenzimmer e.V. gelang es ihr,<br \/>\nsich selbst wiederzufinden und ein eigenes Leben in Deutschland aufzubauen.<\/p>\n<p>&nbsp;<\/p>\n<hr>\n<p>&nbsp;<\/p>\n<p style=\"text-align: left; padding-left: 60px;\">In einem Text beschreibt Frau D. ihre Erlebnisse.<br \/>\nSolveig Wagenh\u00e4user hat ihn gelesen.<br \/>\nDie Musik ist von Inka Jan\u00dfen.<\/p>\n<p style=\"padding-left: 60px;\">&nbsp;<\/p>\n<p style=\"text-align: left; padding-left: 60px;\"><iframe loading=\"lazy\" src=\"https:\/\/w.soundcloud.com\/player\/?url=https%3A\/\/api.soundcloud.com\/tracks\/314424902%3Fsecret_token%3Ds-wUL8Y&amp;auto_play=false&amp;hide_related=false&amp;show_comments=true&amp;show_user=true&amp;show_reposts=false&amp;visual=true\" width=\"50%\" height=\"100\" frameborder=\"no\" scrolling=\"no\"><\/iframe><\/p>\n<p style=\"padding-left: 60px;\">&nbsp;<\/p>\n","protected":false},"excerpt":{"rendered":"<p>&nbsp; Frau D. ist Mitte 30. Sie stammt aus Afrika. &nbsp; Ihr sp\u00e4terer deutscher Mann verbrachte seine Ferien in ihrem Heimatland, so lernten sie sich kennen. Sie verliebten sich und f\u00fchrten eine lange Fernbeziehung. Im Sommer verbrachten sie mehrmals zwei Monate gemeinsam in Afrika. Schlie\u00dflich beschlossen sie zu heiraten, und Frau D. zog nach Deutschland. [&hellip;]<\/p>\n","protected":false},"author":1,"featured_media":0,"parent":0,"menu_order":1,"comment_status":"closed","ping_status":"closed","template":"template-about.php","meta":{"_acf_changed":false,"inline_featured_image":false,"ngg_post_thumbnail":0,"footnotes":""},"acf":[],"_links":{"self":[{"href":"http:\/\/zufluchtswohnungen.frauenzimmer-ev.de\/wohnen-bei-frauenzimmer-1\/wp-json\/wp\/v2\/pages\/13"}],"collection":[{"href":"http:\/\/zufluchtswohnungen.frauenzimmer-ev.de\/wohnen-bei-frauenzimmer-1\/wp-json\/wp\/v2\/pages"}],"about":[{"href":"http:\/\/zufluchtswohnungen.frauenzimmer-ev.de\/wohnen-bei-frauenzimmer-1\/wp-json\/wp\/v2\/types\/page"}],"author":[{"embeddable":true,"href":"http:\/\/zufluchtswohnungen.frauenzimmer-ev.de\/wohnen-bei-frauenzimmer-1\/wp-json\/wp\/v2\/users\/1"}],"replies":[{"embeddable":true,"href":"http:\/\/zufluchtswohnungen.frauenzimmer-ev.de\/wohnen-bei-frauenzimmer-1\/wp-json\/wp\/v2\/comments?post=13"}],"version-history":[{"count":24,"href":"http:\/\/zufluchtswohnungen.frauenzimmer-ev.de\/wohnen-bei-frauenzimmer-1\/wp-json\/wp\/v2\/pages\/13\/revisions"}],"predecessor-version":[{"id":104,"href":"http:\/\/zufluchtswohnungen.frauenzimmer-ev.de\/wohnen-bei-frauenzimmer-1\/wp-json\/wp\/v2\/pages\/13\/revisions\/104"}],"wp:attachment":[{"href":"http:\/\/zufluchtswohnungen.frauenzimmer-ev.de\/wohnen-bei-frauenzimmer-1\/wp-json\/wp\/v2\/media?parent=13"}],"curies":[{"name":"wp","href":"https:\/\/api.w.org\/{rel}","templated":true}]}}