{"id":12,"date":"2017-03-21T17:18:37","date_gmt":"2017-03-21T16:18:37","guid":{"rendered":"http:\/\/zufluchtswohnungen.frauenzimmer-ev.de\/wohnen-bei-frauenzimmer-1\/?page_id=12"},"modified":"2017-04-27T12:24:23","modified_gmt":"2017-04-27T10:24:23","slug":"frau-g","status":"publish","type":"page","link":"http:\/\/zufluchtswohnungen.frauenzimmer-ev.de\/wohnen-bei-frauenzimmer-1\/frau-g\/","title":{"rendered":"Frau G."},"content":{"rendered":"<p><img loading=\"lazy\" decoding=\"async\" class=\"aligncenter wp-image-113\" src=\"http:\/\/zufluchtswohnungen.frauenzimmer-ev.de\/wohnen-bei-frauenzimmer-1\/wp-content\/uploads\/sites\/2\/2017\/03\/taketimefor.jpg\" alt=\"\" width=\"700\" height=\"128\" srcset=\"http:\/\/zufluchtswohnungen.frauenzimmer-ev.de\/wohnen-bei-frauenzimmer-1\/wp-content\/uploads\/sites\/2\/2017\/03\/taketimefor.jpg 900w, http:\/\/zufluchtswohnungen.frauenzimmer-ev.de\/wohnen-bei-frauenzimmer-1\/wp-content\/uploads\/sites\/2\/2017\/03\/taketimefor-300x55.jpg 300w, http:\/\/zufluchtswohnungen.frauenzimmer-ev.de\/wohnen-bei-frauenzimmer-1\/wp-content\/uploads\/sites\/2\/2017\/03\/taketimefor-768x140.jpg 768w\" sizes=\"(max-width: 700px) 100vw, 700px\" \/><\/p>\n<p>&nbsp;<\/p>\n<hr>\n<p style=\"text-align: center;\">Frau G.&nbsp;hat die folgenden Gedichte in der Zeit geschrieben, als sie bei Frauenzimmer e.V. wohnte.<\/p>\n<p style=\"text-align: center;\">Sie wurden bereits in einer Ausstellung zum 25. Jubil\u00e4um von Frauenzimmer e.V. ver\u00f6ffentlicht.<\/p>\n<p style=\"text-align: center;\">Heute, f\u00fcnf Jahre sp\u00e4ter, haben sie nichts an Kraft verloren.<\/p>\n<hr>\n<p>&nbsp;<\/p>\n<p style=\"padding-left: 60px; text-align: center;\">Gelesen werden die Gedichte von Solveig Wagenh\u00e4user,<br \/>\ndie englische Version von &#8222;Take Your Time&#8220; liest Juliet Katzenstein.<br \/>\nFilmbilder: Astrid Vogelpohl<br \/>\nMusik: Steering Wheele, Inka Jan\u00dfen, &#8222;Take Your Time&#8220;, Bob Ostertag CCbyNC<\/p>\n<p>&nbsp;<\/p>\n<p><span style=\"color: #ba0000;\">STEERING WHEEL<\/span><\/p>\n<p><iframe loading=\"lazy\" src=\"https:\/\/player.vimeo.com\/video\/210020695?title=0&amp;byline=0&amp;portrait=0\" allowfullscreen=\"allowfullscreen\" frameborder=\"0\" width=\"640\" height=\"300\"><\/iframe><\/p>\n<p style=\"text-align: center;\">&nbsp;<\/p>\n<p style=\"text-align: center;\"><span style=\"color: #ba0000;\">TAKE YOUR TIME<br \/>\n<span style=\"color: #000000;\">deutsch &amp; englisch<\/span><br \/>\n<\/span><\/p>\n<p style=\"text-align: center;\"><iframe loading=\"lazy\" src=\"https:\/\/player.vimeo.com\/video\/210022282?title=0&amp;byline=0&amp;portrait=0\" allowfullscreen=\"allowfullscreen\" frameborder=\"0\" width=\"300\" height=\"169\"><\/iframe>&nbsp;<iframe loading=\"lazy\" src=\"https:\/\/player.vimeo.com\/video\/210022161?title=0&amp;byline=0&amp;portrait=0\" allowfullscreen=\"allowfullscreen\" frameborder=\"0\" width=\"300\" height=\"169\"><\/iframe><\/p>\n<p style=\"padding-left: 60px; text-align: center;\">&nbsp;<\/p>\n<p style=\"padding-left: 60px; text-align: center;\"><span style=\"color: #ba0000;\">Dear Happiness<br \/>\n&nbsp; <span style=\"color: #000000;\">Englisch (original Handschrift) &amp; deutsch (vorgetragen)<br \/>\n<\/span><\/span><\/p>\n<p style=\"padding-left: 60px; text-align: center;\">&nbsp;<\/p>\n<p style=\"padding-left: 60px; text-align: center;\"><img loading=\"lazy\" decoding=\"async\" class=\"aligncenter wp-image-98\" src=\"http:\/\/zufluchtswohnungen.frauenzimmer-ev.de\/wohnen-bei-frauenzimmer-1\/wp-content\/uploads\/sites\/2\/2017\/03\/happiness.jpg\" alt=\"\" width=\"488\" height=\"569\" srcset=\"http:\/\/zufluchtswohnungen.frauenzimmer-ev.de\/wohnen-bei-frauenzimmer-1\/wp-content\/uploads\/sites\/2\/2017\/03\/happiness.jpg 900w, http:\/\/zufluchtswohnungen.frauenzimmer-ev.de\/wohnen-bei-frauenzimmer-1\/wp-content\/uploads\/sites\/2\/2017\/03\/happiness-257x300.jpg 257w, http:\/\/zufluchtswohnungen.frauenzimmer-ev.de\/wohnen-bei-frauenzimmer-1\/wp-content\/uploads\/sites\/2\/2017\/03\/happiness-768x895.jpg 768w, http:\/\/zufluchtswohnungen.frauenzimmer-ev.de\/wohnen-bei-frauenzimmer-1\/wp-content\/uploads\/sites\/2\/2017\/03\/happiness-879x1024.jpg 879w\" sizes=\"(max-width: 488px) 100vw, 488px\" \/><\/p>\n<p><iframe loading=\"lazy\" src=\"https:\/\/w.soundcloud.com\/player\/?url=https%3A\/\/api.soundcloud.com\/tracks\/314381277%3Fsecret_token%3Ds-4vGhj&amp;auto_play=false&amp;hide_related=false&amp;show_comments=true&amp;show_user=true&amp;show_reposts=false&amp;visual=true\" scrolling=\"no\" frameborder=\"no\" width=\"50%\" height=\"100\"><\/iframe><\/p>\n","protected":false},"excerpt":{"rendered":"<p>&nbsp; Frau G.&nbsp;hat die folgenden Gedichte in der Zeit geschrieben, als sie bei Frauenzimmer e.V. wohnte. Sie wurden bereits in einer Ausstellung zum 25. Jubil\u00e4um von Frauenzimmer e.V. ver\u00f6ffentlicht. Heute, f\u00fcnf Jahre sp\u00e4ter, haben sie nichts an Kraft verloren. &nbsp; Gelesen werden die Gedichte von Solveig Wagenh\u00e4user, die englische Version von &#8222;Take Your Time&#8220; liest [&hellip;]<\/p>\n","protected":false},"author":1,"featured_media":0,"parent":0,"menu_order":2,"comment_status":"closed","ping_status":"closed","template":"template-about.php","meta":{"_acf_changed":false,"inline_featured_image":false,"ngg_post_thumbnail":0,"footnotes":""},"acf":[],"_links":{"self":[{"href":"http:\/\/zufluchtswohnungen.frauenzimmer-ev.de\/wohnen-bei-frauenzimmer-1\/wp-json\/wp\/v2\/pages\/12"}],"collection":[{"href":"http:\/\/zufluchtswohnungen.frauenzimmer-ev.de\/wohnen-bei-frauenzimmer-1\/wp-json\/wp\/v2\/pages"}],"about":[{"href":"http:\/\/zufluchtswohnungen.frauenzimmer-ev.de\/wohnen-bei-frauenzimmer-1\/wp-json\/wp\/v2\/types\/page"}],"author":[{"embeddable":true,"href":"http:\/\/zufluchtswohnungen.frauenzimmer-ev.de\/wohnen-bei-frauenzimmer-1\/wp-json\/wp\/v2\/users\/1"}],"replies":[{"embeddable":true,"href":"http:\/\/zufluchtswohnungen.frauenzimmer-ev.de\/wohnen-bei-frauenzimmer-1\/wp-json\/wp\/v2\/comments?post=12"}],"version-history":[{"count":20,"href":"http:\/\/zufluchtswohnungen.frauenzimmer-ev.de\/wohnen-bei-frauenzimmer-1\/wp-json\/wp\/v2\/pages\/12\/revisions"}],"predecessor-version":[{"id":139,"href":"http:\/\/zufluchtswohnungen.frauenzimmer-ev.de\/wohnen-bei-frauenzimmer-1\/wp-json\/wp\/v2\/pages\/12\/revisions\/139"}],"wp:attachment":[{"href":"http:\/\/zufluchtswohnungen.frauenzimmer-ev.de\/wohnen-bei-frauenzimmer-1\/wp-json\/wp\/v2\/media?parent=12"}],"curies":[{"name":"wp","href":"https:\/\/api.w.org\/{rel}","templated":true}]}}