{"id":8,"date":"2017-03-21T18:18:38","date_gmt":"2017-03-21T17:18:38","guid":{"rendered":"http:\/\/zufluchtswohnungen.frauenzimmer-ev.de\/arbeiten-bei-frauenzimmer\/?page_id=8"},"modified":"2021-07-25T16:59:04","modified_gmt":"2021-07-25T14:59:04","slug":"frau-m-2","status":"publish","type":"page","link":"http:\/\/zufluchtswohnungen.frauenzimmer-ev.de\/arbeiten-bei-frauenzimmer\/frau-m-2\/","title":{"rendered":"Sicherheit"},"content":{"rendered":"<p><img loading=\"lazy\" decoding=\"async\" class=\"aligncenter size-full wp-image-233\" src=\"http:\/\/zufluchtswohnungen.frauenzimmer-ev.de\/arbeiten-bei-frauenzimmer\/wp-content\/uploads\/sites\/4\/2017\/03\/schluesselbund.jpg\" alt=\"\" width=\"900\" height=\"300\" srcset=\"http:\/\/zufluchtswohnungen.frauenzimmer-ev.de\/arbeiten-bei-frauenzimmer\/wp-content\/uploads\/sites\/4\/2017\/03\/schluesselbund.jpg 900w, http:\/\/zufluchtswohnungen.frauenzimmer-ev.de\/arbeiten-bei-frauenzimmer\/wp-content\/uploads\/sites\/4\/2017\/03\/schluesselbund-300x100.jpg 300w, http:\/\/zufluchtswohnungen.frauenzimmer-ev.de\/arbeiten-bei-frauenzimmer\/wp-content\/uploads\/sites\/4\/2017\/03\/schluesselbund-768x256.jpg 768w\" sizes=\"(max-width: 900px) 100vw, 900px\" \/><\/p>\n<p>&nbsp;<\/p>\n<hr>\n<p style=\"text-align: center;\">Frau M. ist seit 27 Jahren bei Frauenzimmer e.V.<br \/>\nSie sagt, sie hat viel erlebt in dieser Zeit, viele Aufs und Abs, viele verschiedene Situationen,<br \/>\nviele Geschichten von Frauen und, sagt sie, &#8222;das geht immer so weiter&#8220;.<\/p>\n<hr>\n<p>&nbsp;<\/p>\n<p style=\"padding-left: 90px; text-align: left;\">Sie erz\u00e4hlt, dass sie sich schon in ihrem Studium mit der Thematik h\u00e4usliche Gewalt besch\u00e4ftigt hat. W\u00e4hrend des Studiums hat sie ein Praktikum im ersten Frauenhaus in Berlin gemacht, das auch das erste Frauenhaus in Deutschland \u00fcberhaupt war. Schon damals fand sie es einfach ganz richtig und wichtig dort anzusetzen, und dabei ist sie geblieben. Ihr gesamtes Berufsleben hindurch, fast ohne Unterbrechung. Und, sie macht ihre Arbeit nach wie vor gern.<\/p>\n<p style=\"padding-left: 90px; text-align: center;\">&nbsp;<\/p>\n<p style=\"padding-left: 90px; text-align: center;\"><iframe loading=\"lazy\" src=\"https:\/\/player.vimeo.com\/video\/210829012?title=0&amp;byline=0&amp;portrait=0\" width=\"640\" height=\"360\" frameborder=\"0\" allowfullscreen=\"allowfullscreen\"><\/iframe><\/p>\n<p style=\"padding-left: 90px; text-align: center;\">&nbsp;<\/p>\n<p style=\"padding-left: 90px; text-align: left;\">F\u00fcr unser Projekt hat sie ihren dicken, schweren Schl\u00fcsselbund fotografiert. Sie tr\u00e4gt ihn immer bei sich. Er steht f\u00fcr sie f\u00fcr Frauenzimmer e.V., und f\u00fcr die Sicherheit, die die Zufluchtswohnungen den Frauen bieten.<\/p>\n<p style=\"padding-left: 90px; text-align: left;\">&#8222;Die Frauen k\u00f6nnen in die Zufluchtswohnung reingehen, die k\u00f6nnen die T\u00fcr zu machen und sind dann in Sicherheit.&#8220;<\/p>\n<p style=\"padding-left: 90px; text-align: left;\">&nbsp;<\/p>\n<p style=\"padding-left: 90px; text-align: left;\">Die Filmbilder zum Gespr\u00e4ch mit Frau M. sind von Astrid Vogelpohl, die Musik ist von Inka Jan\u00dfen.<\/p>\n<!-- index.php -->\n<div\n\tclass=\"ngg-galleryoverview\n\t ngg-ajax-pagination-none\t\"\n\tid=\"ngg-gallery-d2cdb119f84d48ce735dfad9245ed4ea-1\">\n\n\t\t<div class=\"slideshowlink\">\n\t\t<a href='http:\/\/zufluchtswohnungen.frauenzimmer-ev.de\/arbeiten-bei-frauenzimmer\/frau-m-2\/nggallery\/slideshow'>[Zeige eine Slideshow]<\/a>\n\t\t\n\t<\/div>\n\t\t\t<!-- Thumbnails -->\n\t\t\t\t<div id=\"ngg-image-0\" class=\"ngg-gallery-thumbnail-box\" \n\t\t\t\t\t\t\t\t\t\t\t>\n\t\t\t\t\t\t<div class=\"ngg-gallery-thumbnail\">\n\t\t\t<a href=\"http:\/\/zufluchtswohnungen.frauenzimmer-ev.de\/arbeiten-bei-frauenzimmer\/wp-content\/uploads\/sites\/4\/nggallery\/schluessel\/Schluessel1.jpg\"\n\t\t\t\ttitle=\"\"\n\t\t\t\tdata-src=\"http:\/\/zufluchtswohnungen.frauenzimmer-ev.de\/arbeiten-bei-frauenzimmer\/wp-content\/uploads\/sites\/4\/nggallery\/schluessel\/Schluessel1.jpg\"\n\t\t\t\tdata-thumbnail=\"http:\/\/zufluchtswohnungen.frauenzimmer-ev.de\/arbeiten-bei-frauenzimmer\/wp-content\/uploads\/sites\/4\/nggallery\/schluessel\/thumbs\/thumbs_Schluessel1.jpg\"\n\t\t\t\tdata-image-id=\"45\"\n\t\t\t\tdata-title=\"Schluessel1\"\n\t\t\t\tdata-description=\"\"\n\t\t\t\tdata-image-slug=\"schluessel1\"\n\t\t\t\tclass=\"ngg-fancybox\" rel=\"d2cdb119f84d48ce735dfad9245ed4ea\">\n\t\t\t\t<img\n\t\t\t\t\ttitle=\"Schluessel1\"\n\t\t\t\t\talt=\"Schluessel1\"\n\t\t\t\t\tsrc=\"http:\/\/zufluchtswohnungen.frauenzimmer-ev.de\/arbeiten-bei-frauenzimmer\/wp-content\/uploads\/sites\/4\/nggallery\/schluessel\/cache\/Schluessel1.jpg-nggid0245-ngg0dyn-100x200x100-00f0w010c010r110f110r010t010.jpg\"\n\t\t\t\t\twidth=\"100\"\n\t\t\t\t\theight=\"159\"\n\t\t\t\t\tstyle=\"max-width:100%;\"\n\t\t\t\t\/>\n\t\t\t<\/a>\n\t\t<\/div>\n\t\t\t\t\t\t\t<\/div> \n\t\t\t\n\t\t\n\t\t\t\t<div id=\"ngg-image-1\" class=\"ngg-gallery-thumbnail-box\" \n\t\t\t\t\t\t\t\t\t\t\t>\n\t\t\t\t\t\t<div class=\"ngg-gallery-thumbnail\">\n\t\t\t<a href=\"http:\/\/zufluchtswohnungen.frauenzimmer-ev.de\/arbeiten-bei-frauenzimmer\/wp-content\/uploads\/sites\/4\/nggallery\/schluessel\/Schluessel2.jpg\"\n\t\t\t\ttitle=\"\"\n\t\t\t\tdata-src=\"http:\/\/zufluchtswohnungen.frauenzimmer-ev.de\/arbeiten-bei-frauenzimmer\/wp-content\/uploads\/sites\/4\/nggallery\/schluessel\/Schluessel2.jpg\"\n\t\t\t\tdata-thumbnail=\"http:\/\/zufluchtswohnungen.frauenzimmer-ev.de\/arbeiten-bei-frauenzimmer\/wp-content\/uploads\/sites\/4\/nggallery\/schluessel\/thumbs\/thumbs_Schluessel2.jpg\"\n\t\t\t\tdata-image-id=\"46\"\n\t\t\t\tdata-title=\"Schluessel2\"\n\t\t\t\tdata-description=\"\"\n\t\t\t\tdata-image-slug=\"schluessel2\"\n\t\t\t\tclass=\"ngg-fancybox\" rel=\"d2cdb119f84d48ce735dfad9245ed4ea\">\n\t\t\t\t<img\n\t\t\t\t\ttitle=\"Schluessel2\"\n\t\t\t\t\talt=\"Schluessel2\"\n\t\t\t\t\tsrc=\"http:\/\/zufluchtswohnungen.frauenzimmer-ev.de\/arbeiten-bei-frauenzimmer\/wp-content\/uploads\/sites\/4\/nggallery\/schluessel\/cache\/Schluessel2.jpg-nggid0246-ngg0dyn-100x200x100-00f0w010c010r110f110r010t010.jpg\"\n\t\t\t\t\twidth=\"100\"\n\t\t\t\t\theight=\"169\"\n\t\t\t\t\tstyle=\"max-width:100%;\"\n\t\t\t\t\/>\n\t\t\t<\/a>\n\t\t<\/div>\n\t\t\t\t\t\t\t<\/div> \n\t\t\t\n\t\t\n\t\t\t\t<div id=\"ngg-image-2\" class=\"ngg-gallery-thumbnail-box\" \n\t\t\t\t\t\t\t\t\t\t\t>\n\t\t\t\t\t\t<div class=\"ngg-gallery-thumbnail\">\n\t\t\t<a href=\"http:\/\/zufluchtswohnungen.frauenzimmer-ev.de\/arbeiten-bei-frauenzimmer\/wp-content\/uploads\/sites\/4\/nggallery\/schluessel\/Schluessel3-1.jpg\"\n\t\t\t\ttitle=\"\"\n\t\t\t\tdata-src=\"http:\/\/zufluchtswohnungen.frauenzimmer-ev.de\/arbeiten-bei-frauenzimmer\/wp-content\/uploads\/sites\/4\/nggallery\/schluessel\/Schluessel3-1.jpg\"\n\t\t\t\tdata-thumbnail=\"http:\/\/zufluchtswohnungen.frauenzimmer-ev.de\/arbeiten-bei-frauenzimmer\/wp-content\/uploads\/sites\/4\/nggallery\/schluessel\/thumbs\/thumbs_Schluessel3-1.jpg\"\n\t\t\t\tdata-image-id=\"47\"\n\t\t\t\tdata-title=\"Schluessel3\"\n\t\t\t\tdata-description=\"\"\n\t\t\t\tdata-image-slug=\"schluessel3-1\"\n\t\t\t\tclass=\"ngg-fancybox\" rel=\"d2cdb119f84d48ce735dfad9245ed4ea\">\n\t\t\t\t<img\n\t\t\t\t\ttitle=\"Schluessel3\"\n\t\t\t\t\talt=\"Schluessel3\"\n\t\t\t\t\tsrc=\"http:\/\/zufluchtswohnungen.frauenzimmer-ev.de\/arbeiten-bei-frauenzimmer\/wp-content\/uploads\/sites\/4\/nggallery\/schluessel\/cache\/Schluessel3-1.jpg-nggid0247-ngg0dyn-100x200x100-00f0w010c010r110f110r010t010.jpg\"\n\t\t\t\t\twidth=\"100\"\n\t\t\t\t\theight=\"159\"\n\t\t\t\t\tstyle=\"max-width:100%;\"\n\t\t\t\t\/>\n\t\t\t<\/a>\n\t\t<\/div>\n\t\t\t\t\t\t\t<\/div> \n\t\t\t\n\t\t\n\t\t\t\t<div id=\"ngg-image-3\" class=\"ngg-gallery-thumbnail-box\" \n\t\t\t\t\t\t\t\t\t\t\t>\n\t\t\t\t\t\t<div class=\"ngg-gallery-thumbnail\">\n\t\t\t<a href=\"http:\/\/zufluchtswohnungen.frauenzimmer-ev.de\/arbeiten-bei-frauenzimmer\/wp-content\/uploads\/sites\/4\/nggallery\/schluessel\/Schluessel4.jpg\"\n\t\t\t\ttitle=\"\"\n\t\t\t\tdata-src=\"http:\/\/zufluchtswohnungen.frauenzimmer-ev.de\/arbeiten-bei-frauenzimmer\/wp-content\/uploads\/sites\/4\/nggallery\/schluessel\/Schluessel4.jpg\"\n\t\t\t\tdata-thumbnail=\"http:\/\/zufluchtswohnungen.frauenzimmer-ev.de\/arbeiten-bei-frauenzimmer\/wp-content\/uploads\/sites\/4\/nggallery\/schluessel\/thumbs\/thumbs_Schluessel4.jpg\"\n\t\t\t\tdata-image-id=\"44\"\n\t\t\t\tdata-title=\"Schluessel4\"\n\t\t\t\tdata-description=\"\"\n\t\t\t\tdata-image-slug=\"schluessel4\"\n\t\t\t\tclass=\"ngg-fancybox\" rel=\"d2cdb119f84d48ce735dfad9245ed4ea\">\n\t\t\t\t<img\n\t\t\t\t\ttitle=\"Schluessel4\"\n\t\t\t\t\talt=\"Schluessel4\"\n\t\t\t\t\tsrc=\"http:\/\/zufluchtswohnungen.frauenzimmer-ev.de\/arbeiten-bei-frauenzimmer\/wp-content\/uploads\/sites\/4\/nggallery\/schluessel\/cache\/Schluessel4.jpg-nggid0244-ngg0dyn-100x200x100-00f0w010c010r110f110r010t010.jpg\"\n\t\t\t\t\twidth=\"100\"\n\t\t\t\t\theight=\"169\"\n\t\t\t\t\tstyle=\"max-width:100%;\"\n\t\t\t\t\/>\n\t\t\t<\/a>\n\t\t<\/div>\n\t\t\t\t\t\t\t<\/div> \n\t\t\t\n\t\t\n\t\t\t\t<div id=\"ngg-image-4\" class=\"ngg-gallery-thumbnail-box\" \n\t\t\t\t\t\t\t\t\t\t\t>\n\t\t\t\t\t\t<div class=\"ngg-gallery-thumbnail\">\n\t\t\t<a href=\"http:\/\/zufluchtswohnungen.frauenzimmer-ev.de\/arbeiten-bei-frauenzimmer\/wp-content\/uploads\/sites\/4\/nggallery\/schluessel\/Schluessel5.jpg\"\n\t\t\t\ttitle=\"\"\n\t\t\t\tdata-src=\"http:\/\/zufluchtswohnungen.frauenzimmer-ev.de\/arbeiten-bei-frauenzimmer\/wp-content\/uploads\/sites\/4\/nggallery\/schluessel\/Schluessel5.jpg\"\n\t\t\t\tdata-thumbnail=\"http:\/\/zufluchtswohnungen.frauenzimmer-ev.de\/arbeiten-bei-frauenzimmer\/wp-content\/uploads\/sites\/4\/nggallery\/schluessel\/thumbs\/thumbs_Schluessel5.jpg\"\n\t\t\t\tdata-image-id=\"43\"\n\t\t\t\tdata-title=\"Schluessel5\"\n\t\t\t\tdata-description=\"\"\n\t\t\t\tdata-image-slug=\"schluessel5\"\n\t\t\t\tclass=\"ngg-fancybox\" rel=\"d2cdb119f84d48ce735dfad9245ed4ea\">\n\t\t\t\t<img\n\t\t\t\t\ttitle=\"Schluessel5\"\n\t\t\t\t\talt=\"Schluessel5\"\n\t\t\t\t\tsrc=\"http:\/\/zufluchtswohnungen.frauenzimmer-ev.de\/arbeiten-bei-frauenzimmer\/wp-content\/uploads\/sites\/4\/nggallery\/schluessel\/cache\/Schluessel5.jpg-nggid0243-ngg0dyn-100x200x100-00f0w010c010r110f110r010t010.jpg\"\n\t\t\t\t\twidth=\"100\"\n\t\t\t\t\theight=\"153\"\n\t\t\t\t\tstyle=\"max-width:100%;\"\n\t\t\t\t\/>\n\t\t\t<\/a>\n\t\t<\/div>\n\t\t\t\t\t\t\t<\/div> \n\t\t\t\n\t\t\n\t\t\t\t<div id=\"ngg-image-5\" class=\"ngg-gallery-thumbnail-box\" \n\t\t\t\t\t\t\t\t\t\t\t>\n\t\t\t\t\t\t<div class=\"ngg-gallery-thumbnail\">\n\t\t\t<a href=\"http:\/\/zufluchtswohnungen.frauenzimmer-ev.de\/arbeiten-bei-frauenzimmer\/wp-content\/uploads\/sites\/4\/nggallery\/schluessel\/Schluessel6.jpg\"\n\t\t\t\ttitle=\"\"\n\t\t\t\tdata-src=\"http:\/\/zufluchtswohnungen.frauenzimmer-ev.de\/arbeiten-bei-frauenzimmer\/wp-content\/uploads\/sites\/4\/nggallery\/schluessel\/Schluessel6.jpg\"\n\t\t\t\tdata-thumbnail=\"http:\/\/zufluchtswohnungen.frauenzimmer-ev.de\/arbeiten-bei-frauenzimmer\/wp-content\/uploads\/sites\/4\/nggallery\/schluessel\/thumbs\/thumbs_Schluessel6.jpg\"\n\t\t\t\tdata-image-id=\"48\"\n\t\t\t\tdata-title=\"Schluessel6\"\n\t\t\t\tdata-description=\"\"\n\t\t\t\tdata-image-slug=\"schluessel6\"\n\t\t\t\tclass=\"ngg-fancybox\" rel=\"d2cdb119f84d48ce735dfad9245ed4ea\">\n\t\t\t\t<img\n\t\t\t\t\ttitle=\"Schluessel6\"\n\t\t\t\t\talt=\"Schluessel6\"\n\t\t\t\t\tsrc=\"http:\/\/zufluchtswohnungen.frauenzimmer-ev.de\/arbeiten-bei-frauenzimmer\/wp-content\/uploads\/sites\/4\/nggallery\/schluessel\/cache\/Schluessel6.jpg-nggid0248-ngg0dyn-100x200x100-00f0w010c010r110f110r010t010.jpg\"\n\t\t\t\t\twidth=\"100\"\n\t\t\t\t\theight=\"160\"\n\t\t\t\t\tstyle=\"max-width:100%;\"\n\t\t\t\t\/>\n\t\t\t<\/a>\n\t\t<\/div>\n\t\t\t\t\t\t\t<\/div> \n\t\t\t\n\t\t\n\t\t\n\t\t<!-- Pagination -->\n\t\t<div class='ngg-clear'><\/div>\t<\/div>\n\n","protected":false},"excerpt":{"rendered":"<p>&nbsp; Frau M. ist seit 27 Jahren bei Frauenzimmer e.V. Sie sagt, sie hat viel erlebt in dieser Zeit, viele Aufs und Abs, viele verschiedene Situationen, viele Geschichten von Frauen und, sagt sie, &#8222;das geht immer so weiter&#8220;. &nbsp; Sie erz\u00e4hlt, dass sie sich schon in ihrem Studium mit der Thematik h\u00e4usliche Gewalt besch\u00e4ftigt hat. [&hellip;]<\/p>\n","protected":false},"author":1,"featured_media":0,"parent":0,"menu_order":3,"comment_status":"closed","ping_status":"closed","template":"template-about.php","meta":{"_acf_changed":false,"inline_featured_image":false,"ngg_post_thumbnail":0,"footnotes":""},"acf":[],"_links":{"self":[{"href":"http:\/\/zufluchtswohnungen.frauenzimmer-ev.de\/arbeiten-bei-frauenzimmer\/wp-json\/wp\/v2\/pages\/8"}],"collection":[{"href":"http:\/\/zufluchtswohnungen.frauenzimmer-ev.de\/arbeiten-bei-frauenzimmer\/wp-json\/wp\/v2\/pages"}],"about":[{"href":"http:\/\/zufluchtswohnungen.frauenzimmer-ev.de\/arbeiten-bei-frauenzimmer\/wp-json\/wp\/v2\/types\/page"}],"author":[{"embeddable":true,"href":"http:\/\/zufluchtswohnungen.frauenzimmer-ev.de\/arbeiten-bei-frauenzimmer\/wp-json\/wp\/v2\/users\/1"}],"replies":[{"embeddable":true,"href":"http:\/\/zufluchtswohnungen.frauenzimmer-ev.de\/arbeiten-bei-frauenzimmer\/wp-json\/wp\/v2\/comments?post=8"}],"version-history":[{"count":19,"href":"http:\/\/zufluchtswohnungen.frauenzimmer-ev.de\/arbeiten-bei-frauenzimmer\/wp-json\/wp\/v2\/pages\/8\/revisions"}],"predecessor-version":[{"id":294,"href":"http:\/\/zufluchtswohnungen.frauenzimmer-ev.de\/arbeiten-bei-frauenzimmer\/wp-json\/wp\/v2\/pages\/8\/revisions\/294"}],"wp:attachment":[{"href":"http:\/\/zufluchtswohnungen.frauenzimmer-ev.de\/arbeiten-bei-frauenzimmer\/wp-json\/wp\/v2\/media?parent=8"}],"curies":[{"name":"wp","href":"https:\/\/api.w.org\/{rel}","templated":true}]}}