{"id":7,"date":"2017-03-21T18:18:40","date_gmt":"2017-03-21T17:18:40","guid":{"rendered":"http:\/\/zufluchtswohnungen.frauenzimmer-ev.de\/arbeiten-bei-frauenzimmer\/?page_id=7"},"modified":"2017-04-27T12:27:08","modified_gmt":"2017-04-27T10:27:08","slug":"frau-l","status":"publish","type":"page","link":"http:\/\/zufluchtswohnungen.frauenzimmer-ev.de\/arbeiten-bei-frauenzimmer\/frau-l\/","title":{"rendered":"spielRaum"},"content":{"rendered":"<p>&nbsp;<br \/>\n<img loading=\"lazy\" decoding=\"async\" class=\"aligncenter size-full wp-image-225\" src=\"http:\/\/zufluchtswohnungen.frauenzimmer-ev.de\/arbeiten-bei-frauenzimmer\/wp-content\/uploads\/sites\/4\/2017\/03\/spielraum.jpg\" alt=\"\" width=\"900\" height=\"300\" srcset=\"http:\/\/zufluchtswohnungen.frauenzimmer-ev.de\/arbeiten-bei-frauenzimmer\/wp-content\/uploads\/sites\/4\/2017\/03\/spielraum.jpg 900w, http:\/\/zufluchtswohnungen.frauenzimmer-ev.de\/arbeiten-bei-frauenzimmer\/wp-content\/uploads\/sites\/4\/2017\/03\/spielraum-300x100.jpg 300w, http:\/\/zufluchtswohnungen.frauenzimmer-ev.de\/arbeiten-bei-frauenzimmer\/wp-content\/uploads\/sites\/4\/2017\/03\/spielraum-768x256.jpg 768w\" sizes=\"(max-width: 900px) 100vw, 900px\" \/><\/p>\n<p>&nbsp;<\/p>\n<hr>\n<p style=\"text-align: center;\">Frau L. ist Psychologin und Mitarbeiterin bei Frauenzimmer e.V.<br \/>\nDavor hat sie u.a. in einer psychotherapeutischen Praxis mit Kindern, Jugendlichen und deren Eltern gearbeitet.<\/p>\n<hr>\n<p style=\"padding-left: 60px;\">&nbsp;<\/p>\n<p style=\"padding-left: 60px; text-align: left;\">Frau L. ist zust\u00e4ndig f\u00fcr den&nbsp;spielRaum, das ist das Kinderprojekt von Frauenzimmer e.V.<\/p>\n<p style=\"padding-left: 60px; text-align: left;\">Zu ihr kommen die Kinder und Jugendlichen, die mit ihren M\u00fcttern in einer Zufluchtswohnung von Frauenzimmer e.V. leben.<br \/>\nFrau L. arbeitet psychotherapeutisch mit den Kindern, den Zugang findet sie \u00fcber das Spiel.<\/p>\n<p style=\"padding-left: 60px; text-align: left;\">Die Kinder, so sagt sie, leiden oft sehr unter der h\u00e4uslichen Gewalt, auch wenn sie selber nicht direkt von ihr betroffen sind.<\/p>\n<p style=\"padding-left: 60px; text-align: left;\">Frau L. unterst\u00fctzt und ber\u00e4t auch die M\u00fctter und schwangere Frauen.<br \/>\nDen spielRaum gibt es seit 2010.<\/p>\n<p style=\"padding-left: 60px; text-align: left;\">Im Film erz\u00e4hlt sie uns von ihrer Arbeit.<\/p>\n<p style=\"padding-left: 30px;\">&nbsp;<\/p>\n<p style=\"text-align: center;\"><iframe loading=\"lazy\" src=\"https:\/\/player.vimeo.com\/video\/209416702?title=0&amp;byline=0&amp;portrait=0\" width=\"640\" height=\"360\" frameborder=\"0\" allowfullscreen=\"allowfullscreen\"><\/iframe><\/p>\n<p style=\"text-align: center;\">&nbsp;<\/p>\n<p>&nbsp;<\/p>\n","protected":false},"excerpt":{"rendered":"<p>&nbsp; &nbsp; Frau L. ist Psychologin und Mitarbeiterin bei Frauenzimmer e.V. Davor hat sie u.a. in einer psychotherapeutischen Praxis mit Kindern, Jugendlichen und deren Eltern gearbeitet. &nbsp; Frau L. ist zust\u00e4ndig f\u00fcr den&nbsp;spielRaum, das ist das Kinderprojekt von Frauenzimmer e.V. Zu ihr kommen die Kinder und Jugendlichen, die mit ihren M\u00fcttern in einer Zufluchtswohnung von [&hellip;]<\/p>\n","protected":false},"author":1,"featured_media":0,"parent":0,"menu_order":2,"comment_status":"closed","ping_status":"closed","template":"template-about.php","meta":{"_acf_changed":false,"inline_featured_image":false,"ngg_post_thumbnail":0,"footnotes":""},"acf":[],"_links":{"self":[{"href":"http:\/\/zufluchtswohnungen.frauenzimmer-ev.de\/arbeiten-bei-frauenzimmer\/wp-json\/wp\/v2\/pages\/7"}],"collection":[{"href":"http:\/\/zufluchtswohnungen.frauenzimmer-ev.de\/arbeiten-bei-frauenzimmer\/wp-json\/wp\/v2\/pages"}],"about":[{"href":"http:\/\/zufluchtswohnungen.frauenzimmer-ev.de\/arbeiten-bei-frauenzimmer\/wp-json\/wp\/v2\/types\/page"}],"author":[{"embeddable":true,"href":"http:\/\/zufluchtswohnungen.frauenzimmer-ev.de\/arbeiten-bei-frauenzimmer\/wp-json\/wp\/v2\/users\/1"}],"replies":[{"embeddable":true,"href":"http:\/\/zufluchtswohnungen.frauenzimmer-ev.de\/arbeiten-bei-frauenzimmer\/wp-json\/wp\/v2\/comments?post=7"}],"version-history":[{"count":22,"href":"http:\/\/zufluchtswohnungen.frauenzimmer-ev.de\/arbeiten-bei-frauenzimmer\/wp-json\/wp\/v2\/pages\/7\/revisions"}],"predecessor-version":[{"id":280,"href":"http:\/\/zufluchtswohnungen.frauenzimmer-ev.de\/arbeiten-bei-frauenzimmer\/wp-json\/wp\/v2\/pages\/7\/revisions\/280"}],"wp:attachment":[{"href":"http:\/\/zufluchtswohnungen.frauenzimmer-ev.de\/arbeiten-bei-frauenzimmer\/wp-json\/wp\/v2\/media?parent=7"}],"curies":[{"name":"wp","href":"https:\/\/api.w.org\/{rel}","templated":true}]}}