{"id":11,"date":"2017-03-21T18:21:13","date_gmt":"2017-03-21T17:21:13","guid":{"rendered":"http:\/\/zufluchtswohnungen.frauenzimmer-ev.de\/arbeiten-bei-frauenzimmer\/?page_id=11"},"modified":"2017-04-27T12:27:36","modified_gmt":"2017-04-27T10:27:36","slug":"frau-p-2","status":"publish","type":"page","link":"http:\/\/zufluchtswohnungen.frauenzimmer-ev.de\/arbeiten-bei-frauenzimmer\/frau-p-2\/","title":{"rendered":"Vielfalt"},"content":{"rendered":"<p><img loading=\"lazy\" decoding=\"async\" class=\"aligncenter size-full wp-image-235\" src=\"http:\/\/zufluchtswohnungen.frauenzimmer-ev.de\/arbeiten-bei-frauenzimmer\/wp-content\/uploads\/sites\/4\/2017\/03\/gila.jpg\" alt=\"\" width=\"500\" height=\"360\" srcset=\"http:\/\/zufluchtswohnungen.frauenzimmer-ev.de\/arbeiten-bei-frauenzimmer\/wp-content\/uploads\/sites\/4\/2017\/03\/gila.jpg 500w, http:\/\/zufluchtswohnungen.frauenzimmer-ev.de\/arbeiten-bei-frauenzimmer\/wp-content\/uploads\/sites\/4\/2017\/03\/gila-300x216.jpg 300w\" sizes=\"(max-width: 500px) 100vw, 500px\" \/><\/p>\n<h2 style=\"padding-left: 60px; text-align: center;\">\u00dcber die Vielfalt unserer Arbeit&nbsp;&#8211; und des Lebens.<\/h2>\n<h4 style=\"padding-left: 60px; text-align: center;\"><strong>Ein Text von Frau G.<br \/>\n<\/strong><\/h4>\n<p style=\"text-align: left; padding-left: 60px;\">K\u00f6nnen Sie sich vorstellen, Ihr bisheriges Umfeld zu verlassen und in eine Wohnung einzuziehen, ohne diese gesehen zu haben und ohne zu wissen, mit wem Sie in den n\u00e4chsten Wochen oder Monaten zusammenwohnen werden?<\/p>\n<p style=\"text-align: left; padding-left: 60px;\">Ihr gesamtes Leben abrupt zu ver\u00e4ndern?<\/p>\n<p style=\"text-align: left; padding-left: 60px;\">Das ist die Situation von Frauen \u2013 und deren Kindern \u2013 die sich wegen h\u00e4uslicher\/famili\u00e4rer Gewalt trennen und in unsere Zufluchtswohnungen einziehen.<\/p>\n<p style=\"text-align: left; padding-left: 60px;\">In den sieben Wohnungen von Frauenzimmer e.V. wohnen Frauen jeden Alters. Die Frauen m\u00fcssen mindestens 18 Jahre alt, das hei\u00dft vollj\u00e4hrig sein, um einziehen zu k\u00f6nnen.<\/p>\n<p style=\"text-align: left; padding-left: 60px;\">&nbsp;<\/p>\n<blockquote style=\"padding-left: 60px;\">\n<p style=\"padding-left: 60px; text-align: left;\">Die \u00e4lteste Frau, die ich w\u00e4hrend meiner Arbeit im Frauenhaus beraten habe, war Mitte siebzig und wollte \u201ewenigstens die letzten Jahre ihres Lebens in Ruhe leben\u201c, wie sie sagte. \u201eSchlagen w\u00fcrde er sie schon seit Jahren nicht mehr, das habe er getan, als sie jung waren, dazu fehle ihm jetzt die Kraft, aber der Psychoterror, der sei unertr\u00e4glich.\u201c Sie zog in ein kleines Apartment in einem sch\u00f6nen Seniorenheim und wirkte \u00e4u\u00dferst zufrieden mit ihrer Entscheidung.<\/p>\n<\/blockquote>\n<p style=\"text-align: left; padding-left: 60px;\">&nbsp;<\/p>\n<p style=\"text-align: left; padding-left: 60px;\">Die Kinder der Frauen sind aller Altersstufen: Frauen kommen in ihrer Schwangerschaft zu uns, Babys werden w\u00e4hrend der Wohndauer geboren. Manchmal ziehen bereits vollj\u00e4hrige T\u00f6chter mit ihren M\u00fcttern ein.<\/p>\n<p style=\"text-align: left; padding-left: 60px;\">Zeitweise wohnen drei Babys in einer Wohnung, manchmal leben sieben Kinder verschiedenen Alters mit ihren M\u00fcttern in einer gro\u00dfen Wohnung bei uns.<\/p>\n<p style=\"text-align: left; padding-left: 60px;\">Die Frauen und ihre Kinder kommen aus zahlreichen L\u00e4ndern und Kontinenten. In der Regel sind 70 &#8211; 80 % der Frauen, die bei uns wohnen, aus einem anderen oder mehreren anderen Kulturkreisen.<\/p>\n<p style=\"text-align: left; padding-left: 60px;\">&nbsp;<\/p>\n<blockquote style=\"padding-left: 60px;\">\n<p style=\"padding-left: 60px; text-align: left;\">Von den Frauen und ihrer Situation lerne ich viele Aspekte des Lebens aus verschiedenen Teilen der Welt kennen: Wie ist es in Ghana, wenn eine Frau Kinder hat und nicht verheiratet ist? Wie geht es einem neunj\u00e4hrigen Kind, das allein von Sierra Leone nach Deutschland zum unbekannten Vater geschickt wird? Was machen junge Frauen, die in Deutschland aufgewachsen sind und mit 12 Jahren im Heimatland dem Cousin versprochen wurden? Wie geht es einer Frau, die im Heimatland ihre Schule verlassen muss und ins unbekannte Deutschland verheiratet wird? Wie ist es f\u00fcr Frauen, zu ihrer Herkunftsfamilie keinen Kontakt haben zu k\u00f6nnen, weil die Familie die Trennung von einem Misshandler nicht akzeptiert und die eigene Familie der Frau mit Mord droht?<\/p>\n<\/blockquote>\n<p style=\"padding-left: 60px; text-align: left;\">&nbsp;<\/p>\n<p style=\"text-align: left; padding-left: 60px;\">Es sind sehr verschiedene Wege, Kulturkreise, Lebensgeschichten, Charaktere und Probleme, die die Frauen und Kinder mitbringen.<\/p>\n<p style=\"text-align: left; padding-left: 60px;\">Die Gewalt, die die Frauen erlebt haben ist sehr unterschiedlich: k\u00f6rperliche und\/oder psychische Gewalt, sexuelle Gewalt, Zwangsheirat, Isolation, Zwang zur Prostitution, Einsperren, u. a. Frauen erleben Gewalt durch ihren Partner\/Mann\/Eltern\/ Br\u00fcder\/S\u00f6hne oder Partnerin\/Lebensgef\u00e4hrtin. Sie erfahren Diskriminierung und Gewalt in ihrer Familie, weil sie lesbisch sind. Es gibt die Erfahrung von Migration, von Krieg und Flucht, Rassismus. Frauen bringen psychische Erkrankungen und Suchtprobleme mit. Manche Frauen geraten erst durch ihre Migration in prek\u00e4re Verh\u00e4ltnisse und letztendlich in eine Misshandlungsbeziehung. Manche Frauen erfahren vom ersten Moment ihres Lebens an Gewalt.<\/p>\n<p style=\"text-align: left; padding-left: 60px;\">Die Frauen, die zu uns kommen, sind Studentinnen, sie sind arbeitslos, arbeiten, sind Sch\u00fclerinnen, sind im Erziehungsurlaub, besuchen Integrationskurse, sind krankgeschrieben \u2026<\/p>\n<p style=\"text-align: left; padding-left: 60px;\">Sie haben Talente, Hobbies, sind kreativ, sind gebildet oder haben eine schlechte Bildung erfahren. Sie haben ein Studium erfolgreich abgeschlossen, haben Berufsausbildungen, die \u2013 falls sie aus anderen L\u00e4ndern kommen&nbsp;\u2013 hier nicht immer anerkannt werden.<\/p>\n<p style=\"text-align: left; padding-left: 60px;\">Sie bringen Kinder mit, haben keine Kinder, haben l\u00e4ngst erwachsene Kinder \u2026<\/p>\n<p style=\"text-align: left; padding-left: 60px;\">Die politische und gesellschaftliche Lage hat direkte Auswirkungen auf unsere Arbeit.<\/p>\n<p style=\"text-align: left; padding-left: 60px;\">&nbsp;<\/p>\n<blockquote style=\"padding-left: 60px;\">\n<p style=\"padding-left: 60px; text-align: left;\">Als die Wende kam, arbeitete ich in einem Frauenhaus. Mit dem Fallen der Mauer kamen die misshandelten Frauen der DDR, die sich in der DDR zwar schnell scheiden lassen konnten, aber weiter mit dem Misshandler in einer Wohnung leben mussten, weil es keine andere Wohnm\u00f6glichkeit gab.<\/p>\n<p style=\"padding-left: 60px; text-align: left;\">Fr\u00fcher waren es zum gr\u00f6\u00dften Teil Frauen und Kinder aus dem t\u00fcrkischen und deutschen Kulturkreis, heute kommen die Frauen tats\u00e4chlich aus beinahe allen Nationen.<\/p>\n<p style=\"padding-left: 60px; text-align: left;\">Die Ver\u00e4nderung des EU Rechts hatte enorme Auswirkungen: Frauen aus Rum\u00e4nien, Bulgarien, Polen, Ex- Jugoslawischen L\u00e4ndern fl\u00fcchten in den letzten Jahren verst\u00e4rkt in die Schutzeinrichtungen.<\/p>\n<p style=\"padding-left: 60px; text-align: left;\">Die Heirats-und Partnervermittlung \u00fcber das Internet mit vielen falschen Versprechungen haben ebenfalls zahlreiche Frauen in massive Notsituationen gebracht.<\/p>\n<p style=\"padding-left: 60px; text-align: left;\">Mit den Fl\u00fcchtlingen aus Syrien, Afghanistan und anderen L\u00e4ndern kommen weitere gewaltbetroffene Frauen und ihre Kinder in die Schutzeinrichtungen.<\/p>\n<\/blockquote>\n<p style=\"padding-left: 60px; text-align: left;\">&nbsp;<\/p>\n<p style=\"text-align: left; padding-left: 60px;\">Durch unser Angebot von rollstuhlgerechten Pl\u00e4tzen \u2013 und dem Angebot f\u00fcr Frauen mit anderen Beeintr\u00e4chtigungen \u2013 kommen Frauen und Kinder mit ganz unterschiedlichen Erkrankungen. Die Frauen und Kinder, die einen Rollstuhl nutzen, sind zum Teil von Geburt an gehbeeintr\u00e4chtigt, andere ben\u00f6tigen durch Erkrankungen wie MS, Krebs, Rheuma oder andere einen Rollstuhl oder Gehhilfen.<\/p>\n<p style=\"text-align: left; padding-left: 60px;\">&nbsp;<\/p>\n<blockquote style=\"padding-left: 60px;\">\n<p style=\"padding-left: 60px; text-align: left;\">F\u00fcr mich war und ist es eine interessante und wichtige Erfahrung, gemeinsam mit Rollstuhlfahrerinnen unterwegs zu sein \u2013 speziell bei Schnee und Glatteis. Die Stadt sieht man aus einer ganz anderen Perspektive \u2013 und verschiedene ungeahnte Hindernisse tun sich auf.<\/p>\n<\/blockquote>\n<p style=\"padding-left: 60px; text-align: left;\">&nbsp;<\/p>\n<p style=\"text-align: left; padding-left: 60px;\">So individuell wie die Geschichten der Frauen sind, so verschieden sind die Wege, Formalit\u00e4ten und Erledigungen, die notwendig sind:<\/p>\n<p style=\"text-align: left; padding-left: 90px;\">Im Vordergrund stehen Beh\u00f6rdeng\u00e4nge, Aufenthaltskl\u00e4rung und -regelung bei Migrantinnen, Suche nach Schulen und Kitas, die Verarbeitung dessen, was erlebt wurde, Neuorganisation des Alltags, Regelung von finanziellen Problemen, Arbeitssuche, rechtliche Fragen, Umgangs- und Sorgerechtskl\u00e4rung, Erziehungsfragen, etc.<\/p>\n<p style=\"text-align: left; padding-left: 90px;\">Bildung und Arbeit ist f\u00fcr viele Frauen ein wichtiges Thema: das kann ein Integrationskurs sein, eine Weiterbildung, Ausbildung, Alphabetisierungskurs, Arbeitssuche, \u2026<\/p>\n<p style=\"text-align: left; padding-left: 90px;\">&nbsp;<\/p>\n<blockquote style=\"padding-left: 60px;\">\n<p style=\"padding-left: 60px; text-align: left;\">Die Einf\u00fchrung der Verpflichtung zum Besuch von Integrationskursen f\u00fcr MigrantInnen im Jahr 2005 hat f\u00fcr etliche von Gewalt betroffene Frauen dazu gef\u00fchrt, dass sie wenigstens einen Deutschkurs besuchen und dort f\u00fcr sie hilfreiche Informationen erhalten k\u00f6nnen.<\/p>\n<\/blockquote>\n<p style=\"padding-left: 60px; text-align: left;\">&nbsp;<\/p>\n<p style=\"text-align: left; padding-left: 60px;\">Je nachdem wie die Vorerfahrungen von Frauen sind und wie ihr Leben bisher verlief, braucht es Zeit (und viel Geduld), sich neu zu orientieren. Jede Frau muss ihr Leben neu sortieren, neue Perspektiven entwickeln und das, was in ihr an Gewalt widerfahren ist, verarbeiten. Manche Frauen haben zum ersten Mal in ihrem Leben Raum, um ihre Lebenserfahrungen anzuschauen und zu bearbeiten. Es ist immer wieder eine neue Aufgabe und Herausforderung, Frauen und Kinder w\u00e4hrend ihres Wohnens bei Frauenzimmer e.V. in dem zu begleiten und zu unterst\u00fctzen, was ihren eigenen Vorstellungen und Bed\u00fcrfnissen entspricht.<\/p>\n<p style=\"text-align: left; padding-left: 60px;\">&nbsp;<\/p>\n<blockquote style=\"padding-left: 60px;\">\n<p style=\"padding-left: 60px; text-align: left;\">Anliegen und Wunsch jeder Frau ist, f\u00fcr sich \u2013 und ihre Kinder \u2013 ein neues und besseres Leben aufzubauen.<\/p>\n<\/blockquote>\n<p style=\"padding-left: 60px; text-align: left;\">&nbsp;<\/p>\n<p style=\"padding-left: 60px; text-align: left;\">Der \u00fcberwiegende Teil der Frauen zieht nach dem Wohnen bei Frauenzimmer e.V. in eine eigene Wohnung. Ein Teil der Frauen entschlie\u00dft sich dazu, zu Verwandten oder FreundInnen zu ziehen. Andere Frauen ziehen in Einrichtungen mit betreutem Wohnen. Einige entscheiden sich, zum Ex-Partner oder zur Familie zur\u00fcckzukehren. Egal, wof\u00fcr eine Frau sich entschlie\u00dft, planen wir gemeinsam, wie sie ihr Leben weiter gestalten kann. Dazu geh\u00f6ren Neuantr\u00e4ge bei Beh\u00f6rden, evtl. neue Schul-oder Kitasuche, weitere Hilfsangebote, u. a.<\/p>\n<p style=\"padding-left: 60px; text-align: left;\">Wenn Frauen in ihre fr\u00fchere Beziehung oder zu ihrer Familie zur\u00fcckkehren, besprechen wir, was f\u00fcr sie zu Verbesserungen f\u00fchren kann, wie z. B. Elterngespr\u00e4che, Paartherapie, rechtliche Vereinbarungen, Schutzm\u00f6glichkeiten \u2026<\/p>\n<p style=\"padding-left: 60px; text-align: left;\">Die Unterschiedlichkeit der individuellen Geschichten, der Fragestellungen und Lebenswege, das Herausfinden von M\u00f6glichkeiten und von Angeboten macht auch nach vielen Jahren die Arbeit immer wieder interessant und lebendig.<\/p>\n","protected":false},"excerpt":{"rendered":"<p>\u00dcber die Vielfalt unserer Arbeit&nbsp;&#8211; und des Lebens. Ein Text von Frau G. K\u00f6nnen Sie sich vorstellen, Ihr bisheriges Umfeld zu verlassen und in eine Wohnung einzuziehen, ohne diese gesehen zu haben und ohne zu wissen, mit wem Sie in den n\u00e4chsten Wochen oder Monaten zusammenwohnen werden? Ihr gesamtes Leben abrupt zu ver\u00e4ndern? Das ist [&hellip;]<\/p>\n","protected":false},"author":1,"featured_media":0,"parent":0,"menu_order":4,"comment_status":"closed","ping_status":"closed","template":"template-about.php","meta":{"_acf_changed":false,"inline_featured_image":false,"ngg_post_thumbnail":0,"footnotes":""},"acf":[],"_links":{"self":[{"href":"http:\/\/zufluchtswohnungen.frauenzimmer-ev.de\/arbeiten-bei-frauenzimmer\/wp-json\/wp\/v2\/pages\/11"}],"collection":[{"href":"http:\/\/zufluchtswohnungen.frauenzimmer-ev.de\/arbeiten-bei-frauenzimmer\/wp-json\/wp\/v2\/pages"}],"about":[{"href":"http:\/\/zufluchtswohnungen.frauenzimmer-ev.de\/arbeiten-bei-frauenzimmer\/wp-json\/wp\/v2\/types\/page"}],"author":[{"embeddable":true,"href":"http:\/\/zufluchtswohnungen.frauenzimmer-ev.de\/arbeiten-bei-frauenzimmer\/wp-json\/wp\/v2\/users\/1"}],"replies":[{"embeddable":true,"href":"http:\/\/zufluchtswohnungen.frauenzimmer-ev.de\/arbeiten-bei-frauenzimmer\/wp-json\/wp\/v2\/comments?post=11"}],"version-history":[{"count":18,"href":"http:\/\/zufluchtswohnungen.frauenzimmer-ev.de\/arbeiten-bei-frauenzimmer\/wp-json\/wp\/v2\/pages\/11\/revisions"}],"predecessor-version":[{"id":263,"href":"http:\/\/zufluchtswohnungen.frauenzimmer-ev.de\/arbeiten-bei-frauenzimmer\/wp-json\/wp\/v2\/pages\/11\/revisions\/263"}],"wp:attachment":[{"href":"http:\/\/zufluchtswohnungen.frauenzimmer-ev.de\/arbeiten-bei-frauenzimmer\/wp-json\/wp\/v2\/media?parent=11"}],"curies":[{"name":"wp","href":"https:\/\/api.w.org\/{rel}","templated":true}]}}